{"id":2245,"date":"2026-03-27T17:17:21","date_gmt":"2026-03-27T17:17:21","guid":{"rendered":"https:\/\/maisrb.com.br\/tarise\/?page_id=2245"},"modified":"2026-03-27T18:45:08","modified_gmt":"2026-03-27T18:45:08","slug":"sobre","status":"publish","type":"page","link":"https:\/\/maisrb.com.br\/tarise\/sobre\/","title":{"rendered":"Sobre"},"content":{"rendered":"\t\t<div data-elementor-type=\"wp-page\" data-elementor-id=\"2245\" class=\"elementor elementor-2245\" data-elementor-post-type=\"page\">\n\t\t\t\t<div data-q_id=\"#sobre\" class=\"elementor-element elementor-element-26cbf0a e-con-full e-flex parallax_section_no qode_elementor_container_no e-con e-parent\" data-id=\"26cbf0a\" data-element_type=\"container\" data-e-type=\"container\" data-settings=\"{&quot;background_background&quot;:&quot;classic&quot;}\">\n\t\t<div class=\"elementor-element elementor-element-444e115 e-flex e-con-boxed parallax_section_no qode_elementor_container_no e-con e-child\" data-id=\"444e115\" data-element_type=\"container\" data-e-type=\"container\">\n\t\t\t\t\t<div class=\"e-con-inner\">\n\t\t<div class=\"elementor-element elementor-element-01d3a57 e-con-full e-flex parallax_section_no qode_elementor_container_no e-con e-child\" data-id=\"01d3a57\" data-element_type=\"container\" data-e-type=\"container\">\n\t\t<div class=\"elementor-element elementor-element-6f1f4d4 e-con-full e-flex parallax_section_no qode_elementor_container_no e-con e-child\" data-id=\"6f1f4d4\" data-element_type=\"container\" data-e-type=\"container\">\n\t\t<div class=\"elementor-element elementor-element-3f25cbf e-con-full e-flex parallax_section_no qode_elementor_container_no e-con e-child\" data-id=\"3f25cbf\" data-element_type=\"container\" data-e-type=\"container\">\n\t\t\t\t<div class=\"elementor-element elementor-element-9121291 elementor-widget elementor-widget-heading\" data-id=\"9121291\" data-element_type=\"widget\" data-e-type=\"widget\" data-widget_type=\"heading.default\">\n\t\t\t\t\t<h2 class=\"elementor-heading-title elementor-size-default\">Sobre<\/h2>\t\t\t\t<\/div>\n\t\t\t\t<div class=\"elementor-element elementor-element-dff9ff9 elementor-widget-divider--view-line elementor-widget elementor-widget-divider\" data-id=\"dff9ff9\" data-element_type=\"widget\" data-e-type=\"widget\" data-widget_type=\"divider.default\">\n\t\t\t\t\t\t\t<div class=\"elementor-divider\">\n\t\t\t<span class=\"elementor-divider-separator\">\n\t\t\t\t\t\t<\/span>\n\t\t<\/div>\n\t\t\t\t\t\t<\/div>\n\t\t\t\t<div class=\"elementor-element elementor-element-54ce889 elementor-widget elementor-widget-text-editor\" data-id=\"54ce889\" data-element_type=\"widget\" data-e-type=\"widget\" data-widget_type=\"text-editor.default\">\n\t\t\t\t\t\t\t\t\tQuem \u00e9 a Dra Tarise ? \n\t\t\t\t\t\t\t\t<\/div>\n\t\t\t\t<div class=\"elementor-element elementor-element-c2c8859 elementor-widget elementor-widget-text-editor\" data-id=\"c2c8859\" data-element_type=\"widget\" data-e-type=\"widget\" data-widget_type=\"text-editor.default\">\n\t\t\t\t\t\t\t\t\tMinha rela\u00e7\u00e3o com a cardiologia come\u00e7ou muito antes da faculdade de medicina.\t\t\t\t\t\t\t\t<\/div>\n\t\t\t\t<div class=\"elementor-element elementor-element-ee9c06f elementor-widget elementor-widget-text-editor\" data-id=\"ee9c06f\" data-element_type=\"widget\" data-e-type=\"widget\" data-widget_type=\"text-editor.default\">\n\t\t\t\t\t\t\t\t\t<p>Desde crian\u00e7a, acompanhei de perto o trabalho do meu pai, tamb\u00e9m cardiologista, no Centro Catarinense de Cardiologia, cl\u00ednica fundada por ele e onde hoje tenho a alegria de atuar. Lembro-me de observar atentamente os atendimentos e de ajudar, ainda pequena, a colar os eletrocardiogramas durante a realiza\u00e7\u00e3o dos testes ergom\u00e9tricos. Foi nesse ambiente que nasceu minha admira\u00e7\u00e3o pela cardiologia e pelo impacto que a medicina pode ter na vida das pessoas.<\/p>\t\t\t\t\t\t\t\t<\/div>\n\t\t\t\t<div class=\"elementor-element elementor-element-453f1da elementor-widget elementor-widget-text-editor\" data-id=\"453f1da\" data-element_type=\"widget\" data-e-type=\"widget\" data-widget_type=\"text-editor.default\">\n\t\t\t\t\t\t\t\t\t<p>Formei-me em Medicina pela Universidade Federal de Santa Catarina (UFSC). Em seguida, realizei Resid\u00eancia M\u00e9dica em Cl\u00ednica M\u00e9dica no Hospital Regional de S\u00e3o Jos\u00e9 , onde adquiri s\u00f3lida forma\u00e7\u00e3o na abordagem cl\u00ednica do paciente.<br \/>Posteriormente, especializei-me em Cardiologia pelo Instituto de Cardiologia de Santa Catarina, em S\u00e3o Jos\u00e9, refer\u00eancia no atendimento cardiovascular no Estado de Santa Catarina.<\/p>\t\t\t\t\t\t\t\t<\/div>\n\t\t\t\t<\/div>\n\t\t<div class=\"elementor-element elementor-element-be941f2 e-con-full e-flex parallax_section_no qode_elementor_container_no e-con e-child\" data-id=\"be941f2\" data-element_type=\"container\" data-e-type=\"container\">\n\t\t\t\t<div class=\"elementor-element elementor-element-58df2ad elementor-widget elementor-widget-image\" data-id=\"58df2ad\" data-element_type=\"widget\" data-e-type=\"widget\" data-widget_type=\"image.default\">\n\t\t\t\t\t\t\t\t\t\t\t\t\t\t\t<img decoding=\"async\" src=\"https:\/\/maisrb.com.br\/tarise\/wp-content\/uploads\/2026\/03\/medica-cardiologista-florianopolis-_15_.webp\" title=\"medica-cardiologista-florianopolis-_15_\" alt=\"medica-cardiologista-florianopolis-_15_\" loading=\"lazy\" \/>\t\t\t\t\t\t\t\t\t\t\t\t\t\t\t<\/div>\n\t\t\t\t<\/div>\n\t\t\t\t<\/div>\n\t\t\t\t<\/div>\n\t\t\t\t\t<\/div>\n\t\t\t\t<\/div>\n\t\t<div class=\"elementor-element elementor-element-96d67e4 e-con-full e-flex parallax_section_no qode_elementor_container_no e-con e-child\" data-id=\"96d67e4\" data-element_type=\"container\" data-e-type=\"container\" data-settings=\"{&quot;background_background&quot;:&quot;classic&quot;}\">\n\t\t<div class=\"elementor-element elementor-element-560ef87 e-flex e-con-boxed parallax_section_no qode_elementor_container_no e-con e-child\" data-id=\"560ef87\" data-element_type=\"container\" data-e-type=\"container\">\n\t\t\t\t\t<div class=\"e-con-inner\">\n\t\t<div class=\"elementor-element elementor-element-4398680 e-con-full e-flex parallax_section_no qode_elementor_container_no e-con e-child\" data-id=\"4398680\" data-element_type=\"container\" data-e-type=\"container\">\n\t\t\t\t<div class=\"elementor-element elementor-element-a60b1c8 elementor-widget elementor-widget-text-editor\" data-id=\"a60b1c8\" data-element_type=\"widget\" data-e-type=\"widget\" data-widget_type=\"text-editor.default\">\n\t\t\t\t\t\t\t\t\t<p>Ap\u00f3s a conclus\u00e3o da forma\u00e7\u00e3o, atuei por sete anos como M\u00e9dica Cardiologista da Prefeitura de Florian\u00f3polis, experi\u00eancia que ampliou minha vis\u00e3o sobre o cuidado integral em sa\u00fade e refor\u00e7ou meu compromisso com a preven\u00e7\u00e3o e o tratamento das doen\u00e7as cardiovasculares.<\/p>\t\t\t\t\t\t\t\t<\/div>\n\t\t\t\t<div class=\"elementor-element elementor-element-758fb83 elementor-widget elementor-widget-text-editor\" data-id=\"758fb83\" data-element_type=\"widget\" data-e-type=\"widget\" data-widget_type=\"text-editor.default\">\n\t\t\t\t\t\t\t\t\t<p>Paralelamente, iniciei minha atua\u00e7\u00e3o como s\u00f3cia na cl\u00ednica fundada pelo meu pai, onde sigo exercendo a cardiologia at\u00e9 hoje.<\/p>\t\t\t\t\t\t\t\t<\/div>\n\t\t\t\t<div class=\"elementor-element elementor-element-7dcc064 elementor-widget elementor-widget-text-editor\" data-id=\"7dcc064\" data-element_type=\"widget\" data-e-type=\"widget\" data-widget_type=\"text-editor.default\">\n\t\t\t\t\t\t\t\t\t<p>Com 20 anos de experi\u00eancia em cardiologia cl\u00ednica, dedico-me ao atendimento em consult\u00f3rio com foco na preven\u00e7\u00e3o, diagn\u00f3stico e tratamento das doen\u00e7as cardiovasculares, sempre buscando aliar conhecimento cient\u00edfico atualizado a um atendimento humano e individualizado.<\/p>\t\t\t\t\t\t\t\t<\/div>\n\t\t\t\t<\/div>\n\t\t<div class=\"elementor-element elementor-element-fc8b466 e-con-full e-flex parallax_section_no qode_elementor_container_no e-con e-child\" data-id=\"fc8b466\" data-element_type=\"container\" data-e-type=\"container\">\n\t\t\t\t<div class=\"elementor-element elementor-element-0677f45 elementor-widget elementor-widget-text-editor\" data-id=\"0677f45\" data-element_type=\"widget\" data-e-type=\"widget\" data-widget_type=\"text-editor.default\">\n\t\t\t\t\t\t\t\t\t<p>Acredito que cuidar do cora\u00e7\u00e3o vai muito al\u00e9m de prescrever medicamentos ou solicitar exames. Envolve escutar, orientar e caminhar ao lado do paciente na constru\u00e7\u00e3o de uma vida mais saud\u00e1vel.<\/p>\t\t\t\t\t\t\t\t<\/div>\n\t\t\t\t<div class=\"elementor-element elementor-element-10d0f6f elementor-widget elementor-widget-text-editor\" data-id=\"10d0f6f\" data-element_type=\"widget\" data-e-type=\"widget\" data-widget_type=\"text-editor.default\">\n\t\t\t\t\t\t\t\t\t<p>Talvez o maior retorno da minha profiss\u00e3o seja justamente esse: poder melhorar a qualidade de vida das pessoas e participar, de forma significativa, da promo\u00e7\u00e3o da sa\u00fade e do bem-estar de cada paciente.<\/p>\t\t\t\t\t\t\t\t<\/div>\n\t\t\t\t<\/div>\n\t\t\t\t\t<\/div>\n\t\t\t\t<\/div>\n\t\t\t\t<\/div>\n\t\t\t\t<\/div>\n\t\t<div class=\"elementor-element elementor-element-1132159 e-con-full e-flex parallax_section_no qode_elementor_container_no e-con e-parent\" data-id=\"1132159\" data-element_type=\"container\" data-e-type=\"container\">\n\t\t<div class=\"elementor-element elementor-element-f7167c7 e-flex e-con-boxed parallax_section_no qode_elementor_container_no e-con e-child\" data-id=\"f7167c7\" data-element_type=\"container\" data-e-type=\"container\" data-settings=\"{&quot;background_background&quot;:&quot;classic&quot;}\">\n\t\t\t\t\t<div class=\"e-con-inner\">\n\t\t<div class=\"elementor-element elementor-element-b8e9c18 e-con-full e-flex parallax_section_no qode_elementor_container_no e-con e-child\" data-id=\"b8e9c18\" data-element_type=\"container\" data-e-type=\"container\">\n\t\t\t\t<div class=\"elementor-element elementor-element-135fc07 elementor-widget elementor-widget-heading\" data-id=\"135fc07\" data-element_type=\"widget\" data-e-type=\"widget\" data-widget_type=\"heading.default\">\n\t\t\t\t\t<h4 class=\"elementor-heading-title elementor-size-default\">Agende uma consulta <br>cardiol\u00f3gica<\/h4>\t\t\t\t<\/div>\n\t\t\t\t<div class=\"elementor-element elementor-element-5b32af3 elementor-widget elementor-widget-button\" data-id=\"5b32af3\" data-element_type=\"widget\" data-e-type=\"widget\" data-widget_type=\"button.default\">\n\t\t\t\t\t\t\t\t\t\t<a class=\"elementor-button elementor-button-link elementor-size-sm\" href=\"#\" target=\"_blank\">\n\t\t\t\t\t\t<span class=\"elementor-button-content-wrapper\">\n\t\t\t\t\t\t\t\t\t<span class=\"elementor-button-text\">AGENDAR CONSULTA<\/span>\n\t\t\t\t\t<\/span>\n\t\t\t\t\t<\/a>\n\t\t\t\t\t\t\t\t<\/div>\n\t\t\t\t<\/div>\n\t\t\t\t\t<\/div>\n\t\t\t\t<\/div>\n\t\t\t\t<\/div>\n\t\t\t\t<\/div>\n\t\t","protected":false},"excerpt":{"rendered":"<p>Sobre Quem \u00e9 a Dra Tarise ? Minha rela\u00e7\u00e3o com a cardiologia come\u00e7ou muito antes da faculdade de medicina. Desde crian\u00e7a, acompanhei de perto o trabalho do meu pai, tamb\u00e9m cardiologista, no Centro Catarinense de Cardiologia, cl\u00ednica fundada por ele e onde hoje tenho a&#8230;<\/p>\n","protected":false},"author":1,"featured_media":0,"parent":0,"menu_order":0,"comment_status":"closed","ping_status":"closed","template":"full_width.php","meta":{"footnotes":""},"class_list":["post-2245","page","type-page","status-publish","hentry"],"_links":{"self":[{"href":"https:\/\/maisrb.com.br\/tarise\/wp-json\/wp\/v2\/pages\/2245","targetHints":{"allow":["GET"]}}],"collection":[{"href":"https:\/\/maisrb.com.br\/tarise\/wp-json\/wp\/v2\/pages"}],"about":[{"href":"https:\/\/maisrb.com.br\/tarise\/wp-json\/wp\/v2\/types\/page"}],"author":[{"embeddable":true,"href":"https:\/\/maisrb.com.br\/tarise\/wp-json\/wp\/v2\/users\/1"}],"replies":[{"embeddable":true,"href":"https:\/\/maisrb.com.br\/tarise\/wp-json\/wp\/v2\/comments?post=2245"}],"version-history":[{"count":16,"href":"https:\/\/maisrb.com.br\/tarise\/wp-json\/wp\/v2\/pages\/2245\/revisions"}],"predecessor-version":[{"id":2272,"href":"https:\/\/maisrb.com.br\/tarise\/wp-json\/wp\/v2\/pages\/2245\/revisions\/2272"}],"wp:attachment":[{"href":"https:\/\/maisrb.com.br\/tarise\/wp-json\/wp\/v2\/media?parent=2245"}],"curies":[{"name":"wp","href":"https:\/\/api.w.org\/{rel}","templated":true}]}}