{"id":1997,"date":"2026-03-25T17:58:14","date_gmt":"2026-03-25T17:58:14","guid":{"rendered":"https:\/\/maisrb.com.br\/tarise\/?page_id=1997"},"modified":"2026-03-30T12:37:49","modified_gmt":"2026-03-30T12:37:49","slug":"avaliacao-de-risco-cardiovascular","status":"publish","type":"page","link":"https:\/\/maisrb.com.br\/tarise\/avaliacao-de-risco-cardiovascular\/","title":{"rendered":"Avalia\u00e7\u00e3o de Risco Cardiovascular"},"content":{"rendered":"\t\t<div data-elementor-type=\"wp-page\" data-elementor-id=\"1997\" class=\"elementor elementor-1997\" data-elementor-post-type=\"page\">\n\t\t\t\t<div data-q_id=\"#sobre\" class=\"elementor-element elementor-element-26cbf0a e-con-full e-flex parallax_section_no qode_elementor_container_no e-con e-parent\" data-id=\"26cbf0a\" data-element_type=\"container\" data-e-type=\"container\" data-settings=\"{&quot;background_background&quot;:&quot;classic&quot;}\">\n\t\t<div class=\"elementor-element elementor-element-444e115 e-flex e-con-boxed parallax_section_no qode_elementor_container_no e-con e-child\" data-id=\"444e115\" data-element_type=\"container\" data-e-type=\"container\">\n\t\t\t\t\t<div class=\"e-con-inner\">\n\t\t<div class=\"elementor-element elementor-element-01d3a57 e-con-full e-flex parallax_section_no qode_elementor_container_no e-con e-child\" data-id=\"01d3a57\" data-element_type=\"container\" data-e-type=\"container\">\n\t\t<div class=\"elementor-element elementor-element-6f1f4d4 e-con-full e-flex parallax_section_no qode_elementor_container_no e-con e-child\" data-id=\"6f1f4d4\" data-element_type=\"container\" data-e-type=\"container\">\n\t\t\t\t<div class=\"elementor-element elementor-element-9121291 elementor-widget elementor-widget-heading\" data-id=\"9121291\" data-element_type=\"widget\" data-e-type=\"widget\" data-widget_type=\"heading.default\">\n\t\t\t\t\t<h2 class=\"elementor-heading-title elementor-size-default\">Avalia\u00e7\u00e3o de Risco Cardiovascular<\/h2>\t\t\t\t<\/div>\n\t\t\t\t<div class=\"elementor-element elementor-element-dff9ff9 elementor-widget-divider--view-line elementor-widget elementor-widget-divider\" data-id=\"dff9ff9\" data-element_type=\"widget\" data-e-type=\"widget\" data-widget_type=\"divider.default\">\n\t\t\t\t\t\t\t<div class=\"elementor-divider\">\n\t\t\t<span class=\"elementor-divider-separator\">\n\t\t\t\t\t\t<\/span>\n\t\t<\/div>\n\t\t\t\t\t\t<\/div>\n\t\t\t\t<div class=\"elementor-element elementor-element-54ce889 elementor-widget elementor-widget-text-editor\" data-id=\"54ce889\" data-element_type=\"widget\" data-e-type=\"widget\" data-widget_type=\"text-editor.default\">\n\t\t\t\t\t\t\t\t\tEste procedimento utiliza protocolos cl\u00ednicos para estimar a probabilidade de um indiv\u00edduo desenvolver doen\u00e7as card\u00edacas graves nos pr\u00f3ximos anos. S\u00e3o levados em conta fatores como idade, n\u00edveis de colesterol, press\u00e3o arterial, tabagismo e presen\u00e7a de diabetes. Com esse c\u00e1lculo, o cardiologista consegue classificar o paciente em diferentes n\u00edveis de risco.\t\t\t\t\t\t\t\t<\/div>\n\t\t\t\t<div class=\"elementor-element elementor-element-c2c8859 elementor-widget elementor-widget-text-editor\" data-id=\"c2c8859\" data-element_type=\"widget\" data-e-type=\"widget\" data-widget_type=\"text-editor.default\">\n\t\t\t\t\t\t\t\t\tEssa estratifica\u00e7\u00e3o \u00e9 fundamental para definir a intensidade do tratamento e das medidas preventivas. O objetivo principal \u00e9 intervir antes que eventos como infarto ou AVC ocorram, garantindo maior longevidade.\t\t\t\t\t\t\t\t<\/div>\n\t\t\t\t<\/div>\n\t\t<div class=\"elementor-element elementor-element-4bbde20 e-con-full e-flex parallax_section_no qode_elementor_container_no e-con e-child\" data-id=\"4bbde20\" data-element_type=\"container\" data-e-type=\"container\">\n\t\t\t\t<div class=\"elementor-element elementor-element-8fcead2 elementor-hidden-desktop elementor-hidden-tablet elementor-widget elementor-widget-spacer\" data-id=\"8fcead2\" data-element_type=\"widget\" data-e-type=\"widget\" data-widget_type=\"spacer.default\">\n\t\t\t\t\t\t\t<div class=\"elementor-spacer\">\n\t\t\t<div class=\"elementor-spacer-inner\"><\/div>\n\t\t<\/div>\n\t\t\t\t\t\t<\/div>\n\t\t\t\t<div class=\"elementor-element elementor-element-05d7ce8 elementor-widget elementor-widget-image\" data-id=\"05d7ce8\" data-element_type=\"widget\" data-e-type=\"widget\" data-widget_type=\"image.default\">\n\t\t\t\t\t\t\t\t\t\t\t\t\t\t\t<img fetchpriority=\"high\" decoding=\"async\" width=\"800\" height=\"800\" src=\"https:\/\/maisrb.com.br\/tarise\/wp-content\/uploads\/2026\/03\/medica-cardiologista-florianopolis-6.jpg\" class=\"attachment-full size-full wp-image-2348\" alt=\"\" srcset=\"https:\/\/maisrb.com.br\/tarise\/wp-content\/uploads\/2026\/03\/medica-cardiologista-florianopolis-6.jpg 800w, https:\/\/maisrb.com.br\/tarise\/wp-content\/uploads\/2026\/03\/medica-cardiologista-florianopolis-6-300x300.jpg 300w, https:\/\/maisrb.com.br\/tarise\/wp-content\/uploads\/2026\/03\/medica-cardiologista-florianopolis-6-150x150.jpg 150w, https:\/\/maisrb.com.br\/tarise\/wp-content\/uploads\/2026\/03\/medica-cardiologista-florianopolis-6-768x768.jpg 768w, https:\/\/maisrb.com.br\/tarise\/wp-content\/uploads\/2026\/03\/medica-cardiologista-florianopolis-6-570x570.jpg 570w, https:\/\/maisrb.com.br\/tarise\/wp-content\/uploads\/2026\/03\/medica-cardiologista-florianopolis-6-500x500.jpg 500w, https:\/\/maisrb.com.br\/tarise\/wp-content\/uploads\/2026\/03\/medica-cardiologista-florianopolis-6-700x700.jpg 700w, https:\/\/maisrb.com.br\/tarise\/wp-content\/uploads\/2026\/03\/medica-cardiologista-florianopolis-6-650x650.jpg 650w\" sizes=\"(max-width: 800px) 100vw, 800px\" \/>\t\t\t\t\t\t\t\t\t\t\t\t\t\t\t<\/div>\n\t\t\t\t<\/div>\n\t\t\t\t<\/div>\n\t\t\t\t\t<\/div>\n\t\t\t\t<\/div>\n\t\t\t\t<\/div>\n\t\t<div class=\"elementor-element elementor-element-1132159 e-con-full e-flex parallax_section_no qode_elementor_container_no e-con e-parent\" data-id=\"1132159\" data-element_type=\"container\" data-e-type=\"container\">\n\t\t<div class=\"elementor-element elementor-element-f7167c7 e-flex e-con-boxed parallax_section_no qode_elementor_container_no e-con e-child\" data-id=\"f7167c7\" data-element_type=\"container\" data-e-type=\"container\" data-settings=\"{&quot;background_background&quot;:&quot;classic&quot;}\">\n\t\t\t\t\t<div class=\"e-con-inner\">\n\t\t<div class=\"elementor-element elementor-element-b8e9c18 e-con-full e-flex parallax_section_no qode_elementor_container_no e-con e-child\" data-id=\"b8e9c18\" data-element_type=\"container\" data-e-type=\"container\">\n\t\t\t\t<div class=\"elementor-element elementor-element-135fc07 elementor-widget elementor-widget-heading\" data-id=\"135fc07\" data-element_type=\"widget\" data-e-type=\"widget\" data-widget_type=\"heading.default\">\n\t\t\t\t\t<h4 class=\"elementor-heading-title elementor-size-default\">Agende uma consulta <br>cardiol\u00f3gica<\/h4>\t\t\t\t<\/div>\n\t\t\t\t<div class=\"elementor-element elementor-element-5b32af3 elementor-widget elementor-widget-button\" data-id=\"5b32af3\" data-element_type=\"widget\" data-e-type=\"widget\" data-widget_type=\"button.default\">\n\t\t\t\t\t\t\t\t\t\t<a class=\"elementor-button elementor-button-link elementor-size-sm\" href=\"#\" target=\"_blank\">\n\t\t\t\t\t\t<span class=\"elementor-button-content-wrapper\">\n\t\t\t\t\t\t\t\t\t<span class=\"elementor-button-text\">AGENDAR CONSULTA<\/span>\n\t\t\t\t\t<\/span>\n\t\t\t\t\t<\/a>\n\t\t\t\t\t\t\t\t<\/div>\n\t\t\t\t<\/div>\n\t\t\t\t\t<\/div>\n\t\t\t\t<\/div>\n\t\t\t\t<\/div>\n\t\t\t\t<\/div>\n\t\t","protected":false},"excerpt":{"rendered":"<p>Avalia\u00e7\u00e3o de Risco Cardiovascular Este procedimento utiliza protocolos cl\u00ednicos para estimar a probabilidade de um indiv\u00edduo desenvolver doen\u00e7as card\u00edacas graves nos pr\u00f3ximos anos. S\u00e3o levados em conta fatores como idade, n\u00edveis de colesterol, press\u00e3o arterial, tabagismo e presen\u00e7a de diabetes. Com esse c\u00e1lculo, o cardiologista&#8230;<\/p>\n","protected":false},"author":1,"featured_media":0,"parent":0,"menu_order":0,"comment_status":"closed","ping_status":"closed","template":"full_width.php","meta":{"footnotes":""},"class_list":["post-1997","page","type-page","status-publish","hentry"],"_links":{"self":[{"href":"https:\/\/maisrb.com.br\/tarise\/wp-json\/wp\/v2\/pages\/1997","targetHints":{"allow":["GET"]}}],"collection":[{"href":"https:\/\/maisrb.com.br\/tarise\/wp-json\/wp\/v2\/pages"}],"about":[{"href":"https:\/\/maisrb.com.br\/tarise\/wp-json\/wp\/v2\/types\/page"}],"author":[{"embeddable":true,"href":"https:\/\/maisrb.com.br\/tarise\/wp-json\/wp\/v2\/users\/1"}],"replies":[{"embeddable":true,"href":"https:\/\/maisrb.com.br\/tarise\/wp-json\/wp\/v2\/comments?post=1997"}],"version-history":[{"count":16,"href":"https:\/\/maisrb.com.br\/tarise\/wp-json\/wp\/v2\/pages\/1997\/revisions"}],"predecessor-version":[{"id":2351,"href":"https:\/\/maisrb.com.br\/tarise\/wp-json\/wp\/v2\/pages\/1997\/revisions\/2351"}],"wp:attachment":[{"href":"https:\/\/maisrb.com.br\/tarise\/wp-json\/wp\/v2\/media?parent=1997"}],"curies":[{"name":"wp","href":"https:\/\/api.w.org\/{rel}","templated":true}]}}