{"id":1985,"date":"2026-03-25T17:51:48","date_gmt":"2026-03-25T17:51:48","guid":{"rendered":"https:\/\/maisrb.com.br\/tarise\/?page_id=1985"},"modified":"2026-03-30T12:37:28","modified_gmt":"2026-03-30T12:37:28","slug":"consulta-cardiologica-completa","status":"publish","type":"page","link":"https:\/\/maisrb.com.br\/tarise\/consulta-cardiologica-completa\/","title":{"rendered":"Consulta Cardiol\u00f3gica Completa"},"content":{"rendered":"\t\t<div data-elementor-type=\"wp-page\" data-elementor-id=\"1985\" class=\"elementor elementor-1985\" data-elementor-post-type=\"page\">\n\t\t\t\t<div data-q_id=\"#sobre\" class=\"elementor-element elementor-element-26cbf0a e-con-full e-flex parallax_section_no qode_elementor_container_no e-con e-parent\" data-id=\"26cbf0a\" data-element_type=\"container\" data-e-type=\"container\" data-settings=\"{&quot;background_background&quot;:&quot;classic&quot;}\">\n\t\t<div class=\"elementor-element elementor-element-444e115 e-flex e-con-boxed parallax_section_no qode_elementor_container_no e-con e-child\" data-id=\"444e115\" data-element_type=\"container\" data-e-type=\"container\">\n\t\t\t\t\t<div class=\"e-con-inner\">\n\t\t<div class=\"elementor-element elementor-element-01d3a57 e-con-full e-flex parallax_section_no qode_elementor_container_no e-con e-child\" data-id=\"01d3a57\" data-element_type=\"container\" data-e-type=\"container\">\n\t\t<div class=\"elementor-element elementor-element-6f1f4d4 e-con-full e-flex parallax_section_no qode_elementor_container_no e-con e-child\" data-id=\"6f1f4d4\" data-element_type=\"container\" data-e-type=\"container\">\n\t\t\t\t<div class=\"elementor-element elementor-element-9121291 elementor-widget elementor-widget-heading\" data-id=\"9121291\" data-element_type=\"widget\" data-e-type=\"widget\" data-widget_type=\"heading.default\">\n\t\t\t\t\t<h2 class=\"elementor-heading-title elementor-size-default\">Consulta Cardiol\u00f3gica Completa<\/h2>\t\t\t\t<\/div>\n\t\t\t\t<div class=\"elementor-element elementor-element-dff9ff9 elementor-widget-divider--view-line elementor-widget elementor-widget-divider\" data-id=\"dff9ff9\" data-element_type=\"widget\" data-e-type=\"widget\" data-widget_type=\"divider.default\">\n\t\t\t\t\t\t\t<div class=\"elementor-divider\">\n\t\t\t<span class=\"elementor-divider-separator\">\n\t\t\t\t\t\t<\/span>\n\t\t<\/div>\n\t\t\t\t\t\t<\/div>\n\t\t\t\t<div class=\"elementor-element elementor-element-54ce889 elementor-widget elementor-widget-text-editor\" data-id=\"54ce889\" data-element_type=\"widget\" data-e-type=\"widget\" data-widget_type=\"text-editor.default\">\n\t\t\t\t\t\t\t\t\tA consulta cardiol\u00f3gica completa \u00e9 o ponto de partida para a manuten\u00e7\u00e3o da sa\u00fade do cora\u00e7\u00e3o. Nela, o m\u00e9dico realiza uma anamnese detalhada, investigando o hist\u00f3rico familiar, h\u00e1bitos de vida e sintomas atuais do paciente. Al\u00e9m da conversa, \u00e9 realizado um exame f\u00edsico criterioso, com a aferi\u00e7\u00e3o da press\u00e3o arterial e ausculta card\u00edaca.\t\t\t\t\t\t\t\t<\/div>\n\t\t\t\t<div class=\"elementor-element elementor-element-c2c8859 elementor-widget elementor-widget-text-editor\" data-id=\"c2c8859\" data-element_type=\"widget\" data-e-type=\"widget\" data-widget_type=\"text-editor.default\">\n\t\t\t\t\t\t\t\t\tEsse momento \u00e9 essencial para estabelecer uma rela\u00e7\u00e3o de confian\u00e7a e definir uma linha de cuidado personalizada. Atrav\u00e9s dessa avalia\u00e7\u00e3o inicial, o especialista pode identificar precocemente sinais de alerta e solicitar, se necess\u00e1rio, os exames complementares.\t\t\t\t\t\t\t\t<\/div>\n\t\t\t\t<\/div>\n\t\t<div class=\"elementor-element elementor-element-4bbde20 e-con-full e-flex parallax_section_no qode_elementor_container_no e-con e-child\" data-id=\"4bbde20\" data-element_type=\"container\" data-e-type=\"container\">\n\t\t\t\t<div class=\"elementor-element elementor-element-8fcead2 elementor-hidden-desktop elementor-hidden-tablet elementor-widget elementor-widget-spacer\" data-id=\"8fcead2\" data-element_type=\"widget\" data-e-type=\"widget\" data-widget_type=\"spacer.default\">\n\t\t\t\t\t\t\t<div class=\"elementor-spacer\">\n\t\t\t<div class=\"elementor-spacer-inner\"><\/div>\n\t\t<\/div>\n\t\t\t\t\t\t<\/div>\n\t\t\t\t<div class=\"elementor-element elementor-element-05d7ce8 elementor-widget elementor-widget-image\" data-id=\"05d7ce8\" data-element_type=\"widget\" data-e-type=\"widget\" data-widget_type=\"image.default\">\n\t\t\t\t\t\t\t\t\t\t\t\t\t\t\t<img fetchpriority=\"high\" decoding=\"async\" width=\"800\" height=\"800\" src=\"https:\/\/maisrb.com.br\/tarise\/wp-content\/uploads\/2026\/03\/medica-cardiologista-florianopolis-27.png\" class=\"attachment-full size-full wp-image-2344\" alt=\"\" srcset=\"https:\/\/maisrb.com.br\/tarise\/wp-content\/uploads\/2026\/03\/medica-cardiologista-florianopolis-27.png 800w, https:\/\/maisrb.com.br\/tarise\/wp-content\/uploads\/2026\/03\/medica-cardiologista-florianopolis-27-300x300.png 300w, https:\/\/maisrb.com.br\/tarise\/wp-content\/uploads\/2026\/03\/medica-cardiologista-florianopolis-27-150x150.png 150w, https:\/\/maisrb.com.br\/tarise\/wp-content\/uploads\/2026\/03\/medica-cardiologista-florianopolis-27-768x768.png 768w, https:\/\/maisrb.com.br\/tarise\/wp-content\/uploads\/2026\/03\/medica-cardiologista-florianopolis-27-570x570.png 570w, https:\/\/maisrb.com.br\/tarise\/wp-content\/uploads\/2026\/03\/medica-cardiologista-florianopolis-27-500x500.png 500w, https:\/\/maisrb.com.br\/tarise\/wp-content\/uploads\/2026\/03\/medica-cardiologista-florianopolis-27-700x700.png 700w, https:\/\/maisrb.com.br\/tarise\/wp-content\/uploads\/2026\/03\/medica-cardiologista-florianopolis-27-650x650.png 650w\" sizes=\"(max-width: 800px) 100vw, 800px\" \/>\t\t\t\t\t\t\t\t\t\t\t\t\t\t\t<\/div>\n\t\t\t\t<\/div>\n\t\t\t\t<\/div>\n\t\t\t\t\t<\/div>\n\t\t\t\t<\/div>\n\t\t\t\t<\/div>\n\t\t<div class=\"elementor-element elementor-element-1132159 e-con-full e-flex parallax_section_no qode_elementor_container_no e-con e-parent\" data-id=\"1132159\" data-element_type=\"container\" data-e-type=\"container\">\n\t\t<div class=\"elementor-element elementor-element-f7167c7 e-flex e-con-boxed parallax_section_no qode_elementor_container_no e-con e-child\" data-id=\"f7167c7\" data-element_type=\"container\" data-e-type=\"container\" data-settings=\"{&quot;background_background&quot;:&quot;classic&quot;}\">\n\t\t\t\t\t<div class=\"e-con-inner\">\n\t\t<div class=\"elementor-element elementor-element-b8e9c18 e-con-full e-flex parallax_section_no qode_elementor_container_no e-con e-child\" data-id=\"b8e9c18\" data-element_type=\"container\" data-e-type=\"container\">\n\t\t\t\t<div class=\"elementor-element elementor-element-135fc07 elementor-widget elementor-widget-heading\" data-id=\"135fc07\" data-element_type=\"widget\" data-e-type=\"widget\" data-widget_type=\"heading.default\">\n\t\t\t\t\t<h4 class=\"elementor-heading-title elementor-size-default\">Agende uma consulta <br>cardiol\u00f3gica<\/h4>\t\t\t\t<\/div>\n\t\t\t\t<div class=\"elementor-element elementor-element-5b32af3 elementor-widget elementor-widget-button\" data-id=\"5b32af3\" data-element_type=\"widget\" data-e-type=\"widget\" data-widget_type=\"button.default\">\n\t\t\t\t\t\t\t\t\t\t<a class=\"elementor-button elementor-button-link elementor-size-sm\" href=\"#\" target=\"_blank\">\n\t\t\t\t\t\t<span class=\"elementor-button-content-wrapper\">\n\t\t\t\t\t\t\t\t\t<span class=\"elementor-button-text\">AGENDAR CONSULTA<\/span>\n\t\t\t\t\t<\/span>\n\t\t\t\t\t<\/a>\n\t\t\t\t\t\t\t\t<\/div>\n\t\t\t\t<\/div>\n\t\t\t\t\t<\/div>\n\t\t\t\t<\/div>\n\t\t\t\t<\/div>\n\t\t\t\t<\/div>\n\t\t","protected":false},"excerpt":{"rendered":"<p>Consulta Cardiol\u00f3gica Completa A consulta cardiol\u00f3gica completa \u00e9 o ponto de partida para a manuten\u00e7\u00e3o da sa\u00fade do cora\u00e7\u00e3o. Nela, o m\u00e9dico realiza uma anamnese detalhada, investigando o hist\u00f3rico familiar, h\u00e1bitos de vida e sintomas atuais do paciente. Al\u00e9m da conversa, \u00e9 realizado um exame&#8230;<\/p>\n","protected":false},"author":1,"featured_media":0,"parent":0,"menu_order":0,"comment_status":"closed","ping_status":"closed","template":"full_width.php","meta":{"footnotes":""},"class_list":["post-1985","page","type-page","status-publish","hentry"],"_links":{"self":[{"href":"https:\/\/maisrb.com.br\/tarise\/wp-json\/wp\/v2\/pages\/1985","targetHints":{"allow":["GET"]}}],"collection":[{"href":"https:\/\/maisrb.com.br\/tarise\/wp-json\/wp\/v2\/pages"}],"about":[{"href":"https:\/\/maisrb.com.br\/tarise\/wp-json\/wp\/v2\/types\/page"}],"author":[{"embeddable":true,"href":"https:\/\/maisrb.com.br\/tarise\/wp-json\/wp\/v2\/users\/1"}],"replies":[{"embeddable":true,"href":"https:\/\/maisrb.com.br\/tarise\/wp-json\/wp\/v2\/comments?post=1985"}],"version-history":[{"count":22,"href":"https:\/\/maisrb.com.br\/tarise\/wp-json\/wp\/v2\/pages\/1985\/revisions"}],"predecessor-version":[{"id":2347,"href":"https:\/\/maisrb.com.br\/tarise\/wp-json\/wp\/v2\/pages\/1985\/revisions\/2347"}],"wp:attachment":[{"href":"https:\/\/maisrb.com.br\/tarise\/wp-json\/wp\/v2\/media?parent=1985"}],"curies":[{"name":"wp","href":"https:\/\/api.w.org\/{rel}","templated":true}]}}