{"id":985,"date":"2026-01-14T17:28:24","date_gmt":"2026-01-14T17:28:24","guid":{"rendered":"https:\/\/maisrb.com.br\/sdc\/?page_id=985"},"modified":"2026-01-19T19:59:46","modified_gmt":"2026-01-19T19:59:46","slug":"ecocardiograma-com-strain","status":"publish","type":"page","link":"https:\/\/maisrb.com.br\/sdc\/ecocardiograma-com-strain\/","title":{"rendered":"ECOCARDIOGRAMA COM STRAIN"},"content":{"rendered":"\t\t<div data-elementor-type=\"wp-page\" data-elementor-id=\"985\" class=\"elementor elementor-985\">\n\t\t\t\t<div class=\"elementor-element elementor-element-35570f1 e-con-full e-flex parallax_section_no qode_elementor_container_no e-con e-parent\" data-id=\"35570f1\" data-element_type=\"container\" data-settings=\"{&quot;background_background&quot;:&quot;classic&quot;}\">\n\t\t<div class=\"elementor-element elementor-element-ca19ed0 e-flex e-con-boxed parallax_section_no qode_elementor_container_no e-con e-child\" data-id=\"ca19ed0\" data-element_type=\"container\">\n\t\t\t\t\t<div class=\"e-con-inner\">\n\t\t<div class=\"elementor-element elementor-element-7e28890 e-con-full e-flex parallax_section_no qode_elementor_container_no e-con e-child\" data-id=\"7e28890\" data-element_type=\"container\">\n\t\t\t\t<div class=\"elementor-element elementor-element-498bc5f elementor-widget elementor-widget-text-editor\" data-id=\"498bc5f\" data-element_type=\"widget\" data-widget_type=\"text-editor.default\">\n\t\t\t\t\t\t\t\t\tO ecocardiograma com Strain \u00e9 uma t\u00e9cnica avan\u00e7ada que avalia de forma precisa a fun\u00e7\u00e3o do m\u00fasculo card\u00edaco, identificando altera\u00e7\u00f5es sutis da contratilidade que muitas vezes n\u00e3o s\u00e3o vis\u00edveis no ecocardiograma convencional. \t\t\t\t\t\t\t\t<\/div>\n\t\t\t\t<div class=\"elementor-element elementor-element-60460ab elementor-widget elementor-widget-text-editor\" data-id=\"60460ab\" data-element_type=\"widget\" data-widget_type=\"text-editor.default\">\n\t\t\t\t\t\t\t\t\t\u00c9 especialmente indicado no acompanhamento de pacientes com hipertens\u00e3o, cardiopatias, doen\u00e7as valvares, cardiotoxicidade por quimioterapia e avalia\u00e7\u00e3o precoce de disfun\u00e7\u00e3o card\u00edaca.\t\t\t\t\t\t\t\t<\/div>\n\t\t\t\t<div class=\"elementor-element elementor-element-c13db48 elementor-widget elementor-widget-text-editor\" data-id=\"c13db48\" data-element_type=\"widget\" data-widget_type=\"text-editor.default\">\n\t\t\t\t\t\t\t\t\tComo \u00e9 realizado:\t\t\t\t\t\t\t\t<\/div>\n\t\t\t\t<div class=\"elementor-element elementor-element-1c2b452 elementor-widget elementor-widget-text-editor\" data-id=\"1c2b452\" data-element_type=\"widget\" data-widget_type=\"text-editor.default\">\n\t\t\t\t\t\t\t\t\tO exame \u00e9 feito junto ao ecocardiograma convencional, com an\u00e1lise computacional das imagens para medir a deforma\u00e7\u00e3o do m\u00fasculo card\u00edaco (strain). \t\t\t\t\t\t\t\t<\/div>\n\t\t\t\t<div class=\"elementor-element elementor-element-dfe615d elementor-widget elementor-widget-text-editor\" data-id=\"dfe615d\" data-element_type=\"widget\" data-widget_type=\"text-editor.default\">\n\t\t\t\t\t\t\t\t\tCuidados e orienta\u00e7\u00f5es: \t\t\t\t\t\t\t\t<\/div>\n\t\t\t\t<div class=\"elementor-element elementor-element-c750626 elementor-widget elementor-widget-text-editor\" data-id=\"c750626\" data-element_type=\"widget\" data-widget_type=\"text-editor.default\">\n\t\t\t\t\t\t\t\t\t<ul><li>N\u00e3o \u00e9 necess\u00e1rio jejum<\/li><li>Mesmo preparo do ecocardiograma convencional<\/li><li>Exame n\u00e3o invasivo, seguro e indolor<\/li><\/ul>\t\t\t\t\t\t\t\t<\/div>\n\t\t\t\t<div class=\"elementor-element elementor-element-301de77 elementor-widget elementor-widget-button\" data-id=\"301de77\" data-element_type=\"widget\" data-widget_type=\"button.default\">\n\t\t\t\t\t\t\t\t\t\t<a class=\"elementor-button elementor-button-link elementor-size-sm\" href=\"https:\/\/api.whatsapp.com\/send\/?phone=554830282526&#038;text&#038;type=phone_number&#038;app_absent=0\">\n\t\t\t\t\t\t<span class=\"elementor-button-content-wrapper\">\n\t\t\t\t\t\t\t\t\t<span class=\"elementor-button-text\">Agendar Agora<\/span>\n\t\t\t\t\t<\/span>\n\t\t\t\t\t<\/a>\n\t\t\t\t\t\t\t\t<\/div>\n\t\t\t\t<\/div>\n\t\t<div class=\"elementor-element elementor-element-afc0cd7 e-con-full e-flex parallax_section_no qode_elementor_container_no e-con e-child\" data-id=\"afc0cd7\" data-element_type=\"container\">\n\t\t\t\t<div class=\"elementor-element elementor-element-cf38a79 elementor-widget elementor-widget-image\" data-id=\"cf38a79\" data-element_type=\"widget\" data-widget_type=\"image.default\">\n\t\t\t\t\t\t\t\t\t\t\t\t\t\t\t<img decoding=\"async\" src=\"https:\/\/maisrb.com.br\/sdc\/wp-content\/uploads\/2026\/01\/Design-sem-nome-2026-01-14T143312.531.png\" title=\"Design sem nome &#8211; 2026-01-14T143312.531\" alt=\"Design sem nome - 2026-01-14T143312.531\" loading=\"lazy\" \/>\t\t\t\t\t\t\t\t\t\t\t\t\t\t\t<\/div>\n\t\t\t\t<\/div>\n\t\t\t\t\t<\/div>\n\t\t\t\t<\/div>\n\t\t\t\t<\/div>\n\t\t\t\t<\/div>\n\t\t","protected":false},"excerpt":{"rendered":"<p>O ecocardiograma com Strain \u00e9 uma t\u00e9cnica avan\u00e7ada que avalia de forma precisa a fun\u00e7\u00e3o do m\u00fasculo card\u00edaco, identificando altera\u00e7\u00f5es sutis da contratilidade que muitas vezes n\u00e3o s\u00e3o vis\u00edveis no ecocardiograma convencional. \u00c9 especialmente indicado no acompanhamento de pacientes com hipertens\u00e3o, cardiopatias, doen\u00e7as valvares, cardiotoxicidade&#8230;<\/p>\n","protected":false},"author":1,"featured_media":0,"parent":0,"menu_order":0,"comment_status":"closed","ping_status":"closed","template":"full_width.php","meta":{"footnotes":""},"class_list":["post-985","page","type-page","status-publish","hentry"],"_links":{"self":[{"href":"https:\/\/maisrb.com.br\/sdc\/wp-json\/wp\/v2\/pages\/985","targetHints":{"allow":["GET"]}}],"collection":[{"href":"https:\/\/maisrb.com.br\/sdc\/wp-json\/wp\/v2\/pages"}],"about":[{"href":"https:\/\/maisrb.com.br\/sdc\/wp-json\/wp\/v2\/types\/page"}],"author":[{"embeddable":true,"href":"https:\/\/maisrb.com.br\/sdc\/wp-json\/wp\/v2\/users\/1"}],"replies":[{"embeddable":true,"href":"https:\/\/maisrb.com.br\/sdc\/wp-json\/wp\/v2\/comments?post=985"}],"version-history":[{"count":5,"href":"https:\/\/maisrb.com.br\/sdc\/wp-json\/wp\/v2\/pages\/985\/revisions"}],"predecessor-version":[{"id":1037,"href":"https:\/\/maisrb.com.br\/sdc\/wp-json\/wp\/v2\/pages\/985\/revisions\/1037"}],"wp:attachment":[{"href":"https:\/\/maisrb.com.br\/sdc\/wp-json\/wp\/v2\/media?parent=985"}],"curies":[{"name":"wp","href":"https:\/\/api.w.org\/{rel}","templated":true}]}}