{"id":977,"date":"2026-01-14T16:41:38","date_gmt":"2026-01-14T16:41:38","guid":{"rendered":"https:\/\/maisrb.com.br\/sdc\/?page_id=977"},"modified":"2026-01-19T20:00:25","modified_gmt":"2026-01-19T20:00:25","slug":"ecocardiograma-transtoracico","status":"publish","type":"page","link":"https:\/\/maisrb.com.br\/sdc\/ecocardiograma-transtoracico\/","title":{"rendered":"ECOCARDIOGRAMA TRANSTOR\u00c1CICO"},"content":{"rendered":"\t\t<div data-elementor-type=\"wp-page\" data-elementor-id=\"977\" class=\"elementor elementor-977\">\n\t\t\t\t<div class=\"elementor-element elementor-element-35570f1 e-con-full e-flex parallax_section_no qode_elementor_container_no e-con e-parent\" data-id=\"35570f1\" data-element_type=\"container\" data-settings=\"{&quot;background_background&quot;:&quot;classic&quot;}\">\n\t\t<div class=\"elementor-element elementor-element-ca19ed0 e-flex e-con-boxed parallax_section_no qode_elementor_container_no e-con e-child\" data-id=\"ca19ed0\" data-element_type=\"container\">\n\t\t\t\t\t<div class=\"e-con-inner\">\n\t\t<div class=\"elementor-element elementor-element-7e28890 e-con-full e-flex parallax_section_no qode_elementor_container_no e-con e-child\" data-id=\"7e28890\" data-element_type=\"container\">\n\t\t\t\t<div class=\"elementor-element elementor-element-498bc5f elementor-widget elementor-widget-text-editor\" data-id=\"498bc5f\" data-element_type=\"widget\" data-widget_type=\"text-editor.default\">\n\t\t\t\t\t\t\t\t\tO ecocardiograma \u00e9 um exame de ultrassom que permite visualizar o cora\u00e7\u00e3o em tempo real, avaliando sua anatomia e funcionamento. \t\t\t\t\t\t\t\t<\/div>\n\t\t\t\t<div class=\"elementor-element elementor-element-60460ab elementor-widget elementor-widget-text-editor\" data-id=\"60460ab\" data-element_type=\"widget\" data-widget_type=\"text-editor.default\">\n\t\t\t\t\t\t\t\t\tAnalisa o tamanho das cavidades card\u00edacas, a for\u00e7a de contra\u00e7\u00e3o, o funcionamento das v\u00e1lvulas e a presen\u00e7a de altera\u00e7\u00f5es estruturais. \t\t\t\t\t\t\t\t<\/div>\n\t\t\t\t<div class=\"elementor-element elementor-element-c13db48 elementor-widget elementor-widget-text-editor\" data-id=\"c13db48\" data-element_type=\"widget\" data-widget_type=\"text-editor.default\">\n\t\t\t\t\t\t\t\t\tComo \u00e9 realizado:\t\t\t\t\t\t\t\t<\/div>\n\t\t\t\t<div class=\"elementor-element elementor-element-1c2b452 elementor-widget elementor-widget-text-editor\" data-id=\"1c2b452\" data-element_type=\"widget\" data-widget_type=\"text-editor.default\">\n\t\t\t\t\t\t\t\t\tO paciente permanece deitado enquanto o m\u00e9dico posiciona o transdutor sobre o t\u00f3rax, utilizando gel para melhor contato e capta\u00e7\u00e3o das imagens.\t\t\t\t\t\t\t\t<\/div>\n\t\t\t\t<div class=\"elementor-element elementor-element-dfe615d elementor-widget elementor-widget-text-editor\" data-id=\"dfe615d\" data-element_type=\"widget\" data-widget_type=\"text-editor.default\">\n\t\t\t\t\t\t\t\t\tCuidados e orienta\u00e7\u00f5es: \t\t\t\t\t\t\t\t<\/div>\n\t\t\t\t<div class=\"elementor-element elementor-element-c750626 elementor-widget elementor-widget-text-editor\" data-id=\"c750626\" data-element_type=\"widget\" data-widget_type=\"text-editor.default\">\n\t\t\t\t\t\t\t\t\t<ul><li>N\u00e3o \u00e9 necess\u00e1rio jejum<\/li><li>Usar roupas que facilitem a exposi\u00e7\u00e3o do t\u00f3rax<\/li><li>Exame indolor e sem contraindica\u00e7\u00f5es<\/li><\/ul>\t\t\t\t\t\t\t\t<\/div>\n\t\t\t\t<div class=\"elementor-element elementor-element-301de77 elementor-widget elementor-widget-button\" data-id=\"301de77\" data-element_type=\"widget\" data-widget_type=\"button.default\">\n\t\t\t\t\t\t\t\t\t\t<a class=\"elementor-button elementor-button-link elementor-size-sm\" href=\"https:\/\/api.whatsapp.com\/send\/?phone=554830282526&#038;text&#038;type=phone_number&#038;app_absent=0\">\n\t\t\t\t\t\t<span class=\"elementor-button-content-wrapper\">\n\t\t\t\t\t\t\t\t\t<span class=\"elementor-button-text\">Agendar Agora<\/span>\n\t\t\t\t\t<\/span>\n\t\t\t\t\t<\/a>\n\t\t\t\t\t\t\t\t<\/div>\n\t\t\t\t<\/div>\n\t\t<div class=\"elementor-element elementor-element-afc0cd7 e-con-full e-flex parallax_section_no qode_elementor_container_no e-con e-child\" data-id=\"afc0cd7\" data-element_type=\"container\">\n\t\t\t\t<div class=\"elementor-element elementor-element-cf38a79 elementor-widget elementor-widget-image\" data-id=\"cf38a79\" data-element_type=\"widget\" data-widget_type=\"image.default\">\n\t\t\t\t\t\t\t\t\t\t\t\t\t\t\t<img decoding=\"async\" src=\"https:\/\/maisrb.com.br\/sdc\/wp-content\/uploads\/2026\/01\/Design-sem-nome-2026-01-14T140909.357.png\" title=\"\" alt=\"\" loading=\"lazy\" \/>\t\t\t\t\t\t\t\t\t\t\t\t\t\t\t<\/div>\n\t\t\t\t<\/div>\n\t\t\t\t\t<\/div>\n\t\t\t\t<\/div>\n\t\t\t\t<\/div>\n\t\t\t\t<\/div>\n\t\t","protected":false},"excerpt":{"rendered":"<p>O ecocardiograma \u00e9 um exame de ultrassom que permite visualizar o cora\u00e7\u00e3o em tempo real, avaliando sua anatomia e funcionamento. Analisa o tamanho das cavidades card\u00edacas, a for\u00e7a de contra\u00e7\u00e3o, o funcionamento das v\u00e1lvulas e a presen\u00e7a de altera\u00e7\u00f5es estruturais. Como \u00e9 realizado:O paciente permanece&#8230;<\/p>\n","protected":false},"author":1,"featured_media":0,"parent":0,"menu_order":0,"comment_status":"closed","ping_status":"closed","template":"full_width.php","meta":{"footnotes":""},"class_list":["post-977","page","type-page","status-publish","hentry"],"_links":{"self":[{"href":"https:\/\/maisrb.com.br\/sdc\/wp-json\/wp\/v2\/pages\/977","targetHints":{"allow":["GET"]}}],"collection":[{"href":"https:\/\/maisrb.com.br\/sdc\/wp-json\/wp\/v2\/pages"}],"about":[{"href":"https:\/\/maisrb.com.br\/sdc\/wp-json\/wp\/v2\/types\/page"}],"author":[{"embeddable":true,"href":"https:\/\/maisrb.com.br\/sdc\/wp-json\/wp\/v2\/users\/1"}],"replies":[{"embeddable":true,"href":"https:\/\/maisrb.com.br\/sdc\/wp-json\/wp\/v2\/comments?post=977"}],"version-history":[{"count":5,"href":"https:\/\/maisrb.com.br\/sdc\/wp-json\/wp\/v2\/pages\/977\/revisions"}],"predecessor-version":[{"id":1038,"href":"https:\/\/maisrb.com.br\/sdc\/wp-json\/wp\/v2\/pages\/977\/revisions\/1038"}],"wp:attachment":[{"href":"https:\/\/maisrb.com.br\/sdc\/wp-json\/wp\/v2\/media?parent=977"}],"curies":[{"name":"wp","href":"https:\/\/api.w.org\/{rel}","templated":true}]}}