{"id":727,"date":"2025-12-19T14:22:57","date_gmt":"2025-12-19T14:22:57","guid":{"rendered":"https:\/\/maisrb.com.br\/sdc\/?page_id=727"},"modified":"2026-01-19T20:36:21","modified_gmt":"2026-01-19T20:36:21","slug":"holter","status":"publish","type":"page","link":"https:\/\/maisrb.com.br\/sdc\/holter\/","title":{"rendered":"HOLTER"},"content":{"rendered":"\t\t<div data-elementor-type=\"wp-page\" data-elementor-id=\"727\" class=\"elementor elementor-727\">\n\t\t\t\t<div class=\"elementor-element elementor-element-35570f1 e-con-full e-flex parallax_section_no qode_elementor_container_no e-con e-parent\" data-id=\"35570f1\" data-element_type=\"container\" data-settings=\"{&quot;background_background&quot;:&quot;classic&quot;}\">\n\t\t<div class=\"elementor-element elementor-element-ca19ed0 e-flex e-con-boxed parallax_section_no qode_elementor_container_no e-con e-child\" data-id=\"ca19ed0\" data-element_type=\"container\">\n\t\t\t\t\t<div class=\"e-con-inner\">\n\t\t<div class=\"elementor-element elementor-element-7e28890 e-con-full e-flex parallax_section_no qode_elementor_container_no e-con e-child\" data-id=\"7e28890\" data-element_type=\"container\">\n\t\t\t\t<div class=\"elementor-element elementor-element-498bc5f elementor-widget elementor-widget-text-editor\" data-id=\"498bc5f\" data-element_type=\"widget\" data-widget_type=\"text-editor.default\">\n\t\t\t\t\t\t\t\t\tO Holter registra continuamente a atividade el\u00e9trica do cora\u00e7\u00e3o por 24 horas ou mais, durante as atividades normais do paciente. \t\t\t\t\t\t\t\t<\/div>\n\t\t\t\t<div class=\"elementor-element elementor-element-5693ae8 elementor-widget elementor-widget-text-editor\" data-id=\"5693ae8\" data-element_type=\"widget\" data-widget_type=\"text-editor.default\">\n\t\t\t\t\t\t\t\t\t\u00c9 indicado para investiga\u00e7\u00e3o de arritmias, palpita\u00e7\u00f5es, desmaios, tonturas e avalia\u00e7\u00e3o da efic\u00e1cia do tratamento cardiol\u00f3gico. \t\t\t\t\t\t\t\t<\/div>\n\t\t\t\t<div class=\"elementor-element elementor-element-6dfc23a elementor-widget elementor-widget-text-editor\" data-id=\"6dfc23a\" data-element_type=\"widget\" data-widget_type=\"text-editor.default\">\n\t\t\t\t\t\t\t\t\tComo \u00e9 realizado: \t\t\t\t\t\t\t\t<\/div>\n\t\t\t\t<div class=\"elementor-element elementor-element-3516770 elementor-widget elementor-widget-text-editor\" data-id=\"3516770\" data-element_type=\"widget\" data-widget_type=\"text-editor.default\">\n\t\t\t\t\t\t\t\t\tEletrodos s\u00e3o fixados no t\u00f3rax e conectados a um gravador port\u00e1til, que registra o ritmo card\u00edaco continuamente. \t\t\t\t\t\t\t\t<\/div>\n\t\t\t\t<div class=\"elementor-element elementor-element-7ba639c elementor-widget elementor-widget-text-editor\" data-id=\"7ba639c\" data-element_type=\"widget\" data-widget_type=\"text-editor.default\">\n\t\t\t\t\t\t\t\t\tCuidados e orienta\u00e7\u00f5es: \t\t\t\t\t\t\t\t<\/div>\n\t\t\t\t<div class=\"elementor-element elementor-element-06e9cc0 elementor-widget elementor-widget-text-editor\" data-id=\"06e9cc0\" data-element_type=\"widget\" data-widget_type=\"text-editor.default\">\n\t\t\t\t\t\t\t\t\t<ul><li>Manter as atividades habituais<\/li><li>Evitar molhar o equipamento (n\u00e3o pode tomar banho durante o exame)<\/li><li>N\u00e3o usar cremes no t\u00f3rax<\/li><li>Poder\u00e1 ser necess\u00e1rio realizar tricotomia (retirada de pelos no t\u00f3rax)<\/li><li>Anotar sintomas, hor\u00e1rios e atividades no di\u00e1rio fornecido<\/li><\/ul>\t\t\t\t\t\t\t\t<\/div>\n\t\t\t\t<div class=\"elementor-element elementor-element-301de77 elementor-widget elementor-widget-button\" data-id=\"301de77\" data-element_type=\"widget\" data-widget_type=\"button.default\">\n\t\t\t\t\t\t\t\t\t\t<a class=\"elementor-button elementor-button-link elementor-size-sm\" href=\"https:\/\/api.whatsapp.com\/send\/?phone=554830282526&#038;text&#038;type=phone_number&#038;app_absent=0\">\n\t\t\t\t\t\t<span class=\"elementor-button-content-wrapper\">\n\t\t\t\t\t\t\t\t\t<span class=\"elementor-button-text\">Agendar Agora<\/span>\n\t\t\t\t\t<\/span>\n\t\t\t\t\t<\/a>\n\t\t\t\t\t\t\t\t<\/div>\n\t\t\t\t<\/div>\n\t\t<div class=\"elementor-element elementor-element-afc0cd7 e-con-full e-flex parallax_section_no qode_elementor_container_no e-con e-child\" data-id=\"afc0cd7\" data-element_type=\"container\">\n\t\t\t\t<div class=\"elementor-element elementor-element-cf38a79 elementor-widget elementor-widget-image\" data-id=\"cf38a79\" data-element_type=\"widget\" data-widget_type=\"image.default\">\n\t\t\t\t\t\t\t\t\t\t\t\t\t\t\t<img decoding=\"async\" src=\"https:\/\/maisrb.com.br\/sdc\/wp-content\/uploads\/2025\/12\/exame-florianopolis-holter-24-horas.jpg\" title=\"exame-florianopolis-holter-24-horas\" alt=\"Exame Florian\u00f3polis Holter\" loading=\"lazy\" \/>\t\t\t\t\t\t\t\t\t\t\t\t\t\t\t<\/div>\n\t\t\t\t<\/div>\n\t\t\t\t\t<\/div>\n\t\t\t\t<\/div>\n\t\t\t\t<\/div>\n\t\t\t\t<\/div>\n\t\t","protected":false},"excerpt":{"rendered":"<p>O Holter registra continuamente a atividade el\u00e9trica do cora\u00e7\u00e3o por 24 horas ou mais, durante as atividades normais do paciente. \u00c9 indicado para investiga\u00e7\u00e3o de arritmias, palpita\u00e7\u00f5es, desmaios, tonturas e avalia\u00e7\u00e3o da efic\u00e1cia do tratamento cardiol\u00f3gico. Como \u00e9 realizado: Eletrodos s\u00e3o fixados no t\u00f3rax e&#8230;<\/p>\n","protected":false},"author":1,"featured_media":0,"parent":0,"menu_order":0,"comment_status":"closed","ping_status":"closed","template":"full_width.php","meta":{"footnotes":""},"class_list":["post-727","page","type-page","status-publish","hentry"],"_links":{"self":[{"href":"https:\/\/maisrb.com.br\/sdc\/wp-json\/wp\/v2\/pages\/727","targetHints":{"allow":["GET"]}}],"collection":[{"href":"https:\/\/maisrb.com.br\/sdc\/wp-json\/wp\/v2\/pages"}],"about":[{"href":"https:\/\/maisrb.com.br\/sdc\/wp-json\/wp\/v2\/types\/page"}],"author":[{"embeddable":true,"href":"https:\/\/maisrb.com.br\/sdc\/wp-json\/wp\/v2\/users\/1"}],"replies":[{"embeddable":true,"href":"https:\/\/maisrb.com.br\/sdc\/wp-json\/wp\/v2\/comments?post=727"}],"version-history":[{"count":26,"href":"https:\/\/maisrb.com.br\/sdc\/wp-json\/wp\/v2\/pages\/727\/revisions"}],"predecessor-version":[{"id":1102,"href":"https:\/\/maisrb.com.br\/sdc\/wp-json\/wp\/v2\/pages\/727\/revisions\/1102"}],"wp:attachment":[{"href":"https:\/\/maisrb.com.br\/sdc\/wp-json\/wp\/v2\/media?parent=727"}],"curies":[{"name":"wp","href":"https:\/\/api.w.org\/{rel}","templated":true}]}}