{"id":721,"date":"2025-12-19T14:20:38","date_gmt":"2025-12-19T14:20:38","guid":{"rendered":"https:\/\/maisrb.com.br\/sdc\/?page_id=721"},"modified":"2026-01-19T20:37:27","modified_gmt":"2026-01-19T20:37:27","slug":"mapa","status":"publish","type":"page","link":"https:\/\/maisrb.com.br\/sdc\/mapa\/","title":{"rendered":"MAPA"},"content":{"rendered":"\t\t<div data-elementor-type=\"wp-page\" data-elementor-id=\"721\" class=\"elementor elementor-721\">\n\t\t\t\t<div class=\"elementor-element elementor-element-35570f1 e-con-full e-flex parallax_section_no qode_elementor_container_no e-con e-parent\" data-id=\"35570f1\" data-element_type=\"container\" data-settings=\"{&quot;background_background&quot;:&quot;classic&quot;}\">\n\t\t<div class=\"elementor-element elementor-element-ca19ed0 e-flex e-con-boxed parallax_section_no qode_elementor_container_no e-con e-child\" data-id=\"ca19ed0\" data-element_type=\"container\">\n\t\t\t\t\t<div class=\"e-con-inner\">\n\t\t<div class=\"elementor-element elementor-element-7e28890 e-con-full e-flex parallax_section_no qode_elementor_container_no e-con e-child\" data-id=\"7e28890\" data-element_type=\"container\">\n\t\t\t\t<div class=\"elementor-element elementor-element-498bc5f elementor-widget elementor-widget-text-editor\" data-id=\"498bc5f\" data-element_type=\"widget\" data-widget_type=\"text-editor.default\">\n\t\t\t\t\t\t\t\t\tO MAPA \u00e9 o exame mais preciso para o diagn\u00f3stico e controle da hipertens\u00e3o arterial. \t\t\t\t\t\t\t\t<\/div>\n\t\t\t\t<div class=\"elementor-element elementor-element-1111e6e elementor-widget elementor-widget-text-editor\" data-id=\"1111e6e\" data-element_type=\"widget\" data-widget_type=\"text-editor.default\">\n\t\t\t\t\t\t\t\t\t<p>Avalia a press\u00e3o ao longo de 24 horas, durante as atividades di\u00e1rias e o sono, permitindo identificar padr\u00f5es que podem n\u00e3o aparecer na consulta m\u00e9dica.<\/p>\t\t\t\t\t\t\t\t<\/div>\n\t\t\t\t<div class=\"elementor-element elementor-element-fd42dd4 elementor-widget elementor-widget-text-editor\" data-id=\"fd42dd4\" data-element_type=\"widget\" data-widget_type=\"text-editor.default\">\n\t\t\t\t\t\t\t\t\tComo \u00e9 realizado: \t\t\t\t\t\t\t\t<\/div>\n\t\t\t\t<div class=\"elementor-element elementor-element-fa8f2f5 elementor-widget elementor-widget-text-editor\" data-id=\"fa8f2f5\" data-element_type=\"widget\" data-widget_type=\"text-editor.default\">\n\t\t\t\t\t\t\t\t\tUm aparelho port\u00e1til \u00e9 colocado no bra\u00e7o do paciente, realizando medi\u00e7\u00f5es autom\u00e1ticas da press\u00e3o ao longo do dia e da noite.\t\t\t\t\t\t\t\t<\/div>\n\t\t\t\t<div class=\"elementor-element elementor-element-150bb83 elementor-widget elementor-widget-text-editor\" data-id=\"150bb83\" data-element_type=\"widget\" data-widget_type=\"text-editor.default\">\n\t\t\t\t\t\t\t\t\tCuidados e orienta\u00e7\u00f5es: \t\t\t\t\t\t\t\t<\/div>\n\t\t\t\t<div class=\"elementor-element elementor-element-197cf00 elementor-widget elementor-widget-text-editor\" data-id=\"197cf00\" data-element_type=\"widget\" data-widget_type=\"text-editor.default\">\n\t\t\t\t\t\t\t\t\t<ul><li>Manter a rotina habitual<\/li><li>Evitar molhar o aparelho (n\u00e3o pode tomar banho durante o exame)<\/li><li>Permanecer com o bra\u00e7o relaxado durante as medi\u00e7\u00f5es<\/li><li>Anotar sintomas e hor\u00e1rios de medica\u00e7\u00f5es, se orientado<\/li><\/ul>\t\t\t\t\t\t\t\t<\/div>\n\t\t\t\t<div class=\"elementor-element elementor-element-301de77 elementor-widget elementor-widget-button\" data-id=\"301de77\" data-element_type=\"widget\" data-widget_type=\"button.default\">\n\t\t\t\t\t\t\t\t\t\t<a class=\"elementor-button elementor-button-link elementor-size-sm\" href=\"https:\/\/api.whatsapp.com\/send\/?phone=554830282526&#038;text&#038;type=phone_number&#038;app_absent=0\">\n\t\t\t\t\t\t<span class=\"elementor-button-content-wrapper\">\n\t\t\t\t\t\t\t\t\t<span class=\"elementor-button-text\">Agendar Agora<\/span>\n\t\t\t\t\t<\/span>\n\t\t\t\t\t<\/a>\n\t\t\t\t\t\t\t\t<\/div>\n\t\t\t\t<\/div>\n\t\t<div class=\"elementor-element elementor-element-afc0cd7 e-con-full e-flex parallax_section_no qode_elementor_container_no e-con e-child\" data-id=\"afc0cd7\" data-element_type=\"container\">\n\t\t\t\t<div class=\"elementor-element elementor-element-cf38a79 elementor-widget elementor-widget-image\" data-id=\"cf38a79\" data-element_type=\"widget\" data-widget_type=\"image.default\">\n\t\t\t\t\t\t\t\t\t\t\t\t\t\t\t<img decoding=\"async\" src=\"https:\/\/maisrb.com.br\/sdc\/wp-content\/uploads\/2025\/12\/exame-florianopolis-mapa.jpg\" title=\"exame-florianopolis-mapa\" alt=\"Exame Florian\u00f3polis Mapa\" loading=\"lazy\" \/>\t\t\t\t\t\t\t\t\t\t\t\t\t\t\t<\/div>\n\t\t\t\t<\/div>\n\t\t\t\t\t<\/div>\n\t\t\t\t<\/div>\n\t\t\t\t<\/div>\n\t\t\t\t<\/div>\n\t\t","protected":false},"excerpt":{"rendered":"<p>O MAPA \u00e9 o exame mais preciso para o diagn\u00f3stico e controle da hipertens\u00e3o arterial. Avalia a press\u00e3o ao longo de 24 horas, durante as atividades di\u00e1rias e o sono, permitindo identificar padr\u00f5es que podem n\u00e3o aparecer na consulta m\u00e9dica. Como \u00e9 realizado: Um aparelho&#8230;<\/p>\n","protected":false},"author":1,"featured_media":0,"parent":0,"menu_order":0,"comment_status":"closed","ping_status":"closed","template":"full_width.php","meta":{"footnotes":""},"class_list":["post-721","page","type-page","status-publish","hentry"],"_links":{"self":[{"href":"https:\/\/maisrb.com.br\/sdc\/wp-json\/wp\/v2\/pages\/721","targetHints":{"allow":["GET"]}}],"collection":[{"href":"https:\/\/maisrb.com.br\/sdc\/wp-json\/wp\/v2\/pages"}],"about":[{"href":"https:\/\/maisrb.com.br\/sdc\/wp-json\/wp\/v2\/types\/page"}],"author":[{"embeddable":true,"href":"https:\/\/maisrb.com.br\/sdc\/wp-json\/wp\/v2\/users\/1"}],"replies":[{"embeddable":true,"href":"https:\/\/maisrb.com.br\/sdc\/wp-json\/wp\/v2\/comments?post=721"}],"version-history":[{"count":19,"href":"https:\/\/maisrb.com.br\/sdc\/wp-json\/wp\/v2\/pages\/721\/revisions"}],"predecessor-version":[{"id":1105,"href":"https:\/\/maisrb.com.br\/sdc\/wp-json\/wp\/v2\/pages\/721\/revisions\/1105"}],"wp:attachment":[{"href":"https:\/\/maisrb.com.br\/sdc\/wp-json\/wp\/v2\/media?parent=721"}],"curies":[{"name":"wp","href":"https:\/\/api.w.org\/{rel}","templated":true}]}}