{"id":709,"date":"2025-12-19T14:19:05","date_gmt":"2025-12-19T14:19:05","guid":{"rendered":"https:\/\/maisrb.com.br\/sdc\/?page_id=709"},"modified":"2026-01-19T19:57:03","modified_gmt":"2026-01-19T19:57:03","slug":"eletrocardiograma-de-repouso","status":"publish","type":"page","link":"https:\/\/maisrb.com.br\/sdc\/eletrocardiograma-de-repouso\/","title":{"rendered":"ELETROCARDIOGRAMA DE REPOUSO"},"content":{"rendered":"\t\t<div data-elementor-type=\"wp-page\" data-elementor-id=\"709\" class=\"elementor elementor-709\">\n\t\t\t\t<div class=\"elementor-element elementor-element-35570f1 e-con-full e-flex parallax_section_no qode_elementor_container_no e-con e-parent\" data-id=\"35570f1\" data-element_type=\"container\" data-settings=\"{&quot;background_background&quot;:&quot;classic&quot;}\">\n\t\t<div class=\"elementor-element elementor-element-ca19ed0 e-flex e-con-boxed parallax_section_no qode_elementor_container_no e-con e-child\" data-id=\"ca19ed0\" data-element_type=\"container\">\n\t\t\t\t\t<div class=\"e-con-inner\">\n\t\t<div class=\"elementor-element elementor-element-7e28890 e-con-full e-flex parallax_section_no qode_elementor_container_no e-con e-child\" data-id=\"7e28890\" data-element_type=\"container\">\n\t\t\t\t<div class=\"elementor-element elementor-element-498bc5f elementor-widget elementor-widget-text-editor\" data-id=\"498bc5f\" data-element_type=\"widget\" data-widget_type=\"text-editor.default\">\n\t\t\t\t\t\t\t\t\tO eletrocardiograma \u00e9 um exame r\u00e1pido, indolor e fundamental para avaliar a atividade el\u00e9trica do cora\u00e7\u00e3o. \n\nAuxilia no diagn\u00f3stico de arritmias, altera\u00e7\u00f5es do ritmo card\u00edaco, dist\u00farbios de condu\u00e7\u00e3o, sinais de sobrecarga card\u00edaca e isquemia. \t\t\t\t\t\t\t\t<\/div>\n\t\t\t\t<div class=\"elementor-element elementor-element-456e8bc elementor-widget elementor-widget-text-editor\" data-id=\"456e8bc\" data-element_type=\"widget\" data-widget_type=\"text-editor.default\">\n\t\t\t\t\t\t\t\t\tComo \u00e9 realizado: \t\t\t\t\t\t\t\t<\/div>\n\t\t\t\t<div class=\"elementor-element elementor-element-c2343af elementor-widget elementor-widget-text-editor\" data-id=\"c2343af\" data-element_type=\"widget\" data-widget_type=\"text-editor.default\">\n\t\t\t\t\t\t\t\t\tS\u00e3o colocados eletrodos adesivos no t\u00f3rax, bra\u00e7os e pernas para registrar os sinais el\u00e9tricos do cora\u00e7\u00e3o por alguns segundos, com o paciente em repouso.\t\t\t\t\t\t\t\t<\/div>\n\t\t\t\t<div class=\"elementor-element elementor-element-ec0ccc1 elementor-widget elementor-widget-text-editor\" data-id=\"ec0ccc1\" data-element_type=\"widget\" data-widget_type=\"text-editor.default\">\n\t\t\t\t\t\t\t\t\tCuidados e orienta\u00e7\u00f5es: \t\t\t\t\t\t\t\t<\/div>\n\t\t\t\t<div class=\"elementor-element elementor-element-de4fc93 elementor-widget elementor-widget-text-editor\" data-id=\"de4fc93\" data-element_type=\"widget\" data-widget_type=\"text-editor.default\">\n\t\t\t\t\t\t\t\t\t<ul><li>N\u00e3o \u00e9 necess\u00e1rio jejum<\/li><li>Evitar cremes ou \u00f3leos no t\u00f3rax no dia do exame<\/li><li>Poder\u00e1 ser necess\u00e1rio realizar tricotomia (retirada de pelos no t\u00f3rax)<\/li><li>Manter-se relaxado e im\u00f3vel durante o registro<\/li><\/ul>\t\t\t\t\t\t\t\t<\/div>\n\t\t\t\t<div class=\"elementor-element elementor-element-301de77 elementor-widget elementor-widget-button\" data-id=\"301de77\" data-element_type=\"widget\" data-widget_type=\"button.default\">\n\t\t\t\t\t\t\t\t\t\t<a class=\"elementor-button elementor-button-link elementor-size-sm\" href=\"https:\/\/api.whatsapp.com\/send\/?phone=554830282526&#038;text&#038;type=phone_number&#038;app_absent=0\">\n\t\t\t\t\t\t<span class=\"elementor-button-content-wrapper\">\n\t\t\t\t\t\t\t\t\t<span class=\"elementor-button-text\">Agendar Agora<\/span>\n\t\t\t\t\t<\/span>\n\t\t\t\t\t<\/a>\n\t\t\t\t\t\t\t\t<\/div>\n\t\t\t\t<\/div>\n\t\t<div class=\"elementor-element elementor-element-afc0cd7 e-con-full e-flex parallax_section_no qode_elementor_container_no e-con e-child\" data-id=\"afc0cd7\" data-element_type=\"container\">\n\t\t\t\t<div class=\"elementor-element elementor-element-cf38a79 elementor-widget elementor-widget-image\" data-id=\"cf38a79\" data-element_type=\"widget\" data-widget_type=\"image.default\">\n\t\t\t\t\t\t\t\t\t\t\t\t\t\t\t<img decoding=\"async\" src=\"https:\/\/maisrb.com.br\/sdc\/wp-content\/uploads\/2025\/12\/exame-florianopolis-ecg.jpg\" title=\"exame-florianopolis-ecg\" alt=\"Exame Florian\u00f3polis ECG\" loading=\"lazy\" \/>\t\t\t\t\t\t\t\t\t\t\t\t\t\t\t<\/div>\n\t\t\t\t<\/div>\n\t\t\t\t\t<\/div>\n\t\t\t\t<\/div>\n\t\t\t\t<\/div>\n\t\t\t\t<\/div>\n\t\t","protected":false},"excerpt":{"rendered":"<p>O eletrocardiograma \u00e9 um exame r\u00e1pido, indolor e fundamental para avaliar a atividade el\u00e9trica do cora\u00e7\u00e3o. Auxilia no diagn\u00f3stico de arritmias, altera\u00e7\u00f5es do ritmo card\u00edaco, dist\u00farbios de condu\u00e7\u00e3o, sinais de sobrecarga card\u00edaca e isquemia. Como \u00e9 realizado: S\u00e3o colocados eletrodos adesivos no t\u00f3rax, bra\u00e7os e&#8230;<\/p>\n","protected":false},"author":1,"featured_media":0,"parent":0,"menu_order":0,"comment_status":"closed","ping_status":"closed","template":"full_width.php","meta":{"footnotes":""},"class_list":["post-709","page","type-page","status-publish","hentry"],"_links":{"self":[{"href":"https:\/\/maisrb.com.br\/sdc\/wp-json\/wp\/v2\/pages\/709","targetHints":{"allow":["GET"]}}],"collection":[{"href":"https:\/\/maisrb.com.br\/sdc\/wp-json\/wp\/v2\/pages"}],"about":[{"href":"https:\/\/maisrb.com.br\/sdc\/wp-json\/wp\/v2\/types\/page"}],"author":[{"embeddable":true,"href":"https:\/\/maisrb.com.br\/sdc\/wp-json\/wp\/v2\/users\/1"}],"replies":[{"embeddable":true,"href":"https:\/\/maisrb.com.br\/sdc\/wp-json\/wp\/v2\/comments?post=709"}],"version-history":[{"count":17,"href":"https:\/\/maisrb.com.br\/sdc\/wp-json\/wp\/v2\/pages\/709\/revisions"}],"predecessor-version":[{"id":1035,"href":"https:\/\/maisrb.com.br\/sdc\/wp-json\/wp\/v2\/pages\/709\/revisions\/1035"}],"wp:attachment":[{"href":"https:\/\/maisrb.com.br\/sdc\/wp-json\/wp\/v2\/media?parent=709"}],"curies":[{"name":"wp","href":"https:\/\/api.w.org\/{rel}","templated":true}]}}