{"id":617,"date":"2025-12-19T13:05:34","date_gmt":"2025-12-19T13:05:34","guid":{"rendered":"https:\/\/maisrb.com.br\/sdc\/?page_id=617"},"modified":"2026-01-30T19:11:15","modified_gmt":"2026-01-30T19:11:15","slug":"equipe","status":"publish","type":"page","link":"https:\/\/maisrb.com.br\/sdc\/equipe\/","title":{"rendered":"Equipe"},"content":{"rendered":"\t\t<div data-elementor-type=\"wp-page\" data-elementor-id=\"617\" class=\"elementor elementor-617\">\n\t\t\t\t<div class=\"elementor-element elementor-element-b526fef e-con-full e-flex parallax_section_no qode_elementor_container_no e-con e-parent\" data-id=\"b526fef\" data-element_type=\"container\" data-settings=\"{&quot;background_background&quot;:&quot;classic&quot;}\">\n\t\t<div class=\"elementor-element elementor-element-8f4b310 e-flex e-con-boxed parallax_section_no qode_elementor_container_no e-con e-child\" data-id=\"8f4b310\" data-element_type=\"container\">\n\t\t\t\t\t<div class=\"e-con-inner\">\n\t\t<div class=\"elementor-element elementor-element-a70125b e-flex e-con-boxed parallax_section_no qode_elementor_container_no e-con e-child\" data-id=\"a70125b\" data-element_type=\"container\">\n\t\t\t\t\t<div class=\"e-con-inner\">\n\t\t\t\t<div class=\"elementor-element elementor-element-fd5d8d6 elementor-widget elementor-widget-heading\" data-id=\"fd5d8d6\" data-element_type=\"widget\" data-widget_type=\"heading.default\">\n\t\t\t\t\t<h3 class=\"elementor-heading-title elementor-size-default\">Corpo Cl\u00ednico<\/h3>\t\t\t\t<\/div>\n\t\t\t\t\t<\/div>\n\t\t\t\t<\/div>\n\t\t\t\t\t<\/div>\n\t\t\t\t<\/div>\n\t\t\t\t<\/div>\n\t\t<div class=\"elementor-element elementor-element-9ddcdeb e-con-full e-flex parallax_section_no qode_elementor_container_no e-con e-parent\" data-id=\"9ddcdeb\" data-element_type=\"container\">\n\t\t<div class=\"elementor-element elementor-element-ede1c6a e-con-full e-flex parallax_section_no qode_elementor_container_no e-con e-child\" data-id=\"ede1c6a\" data-element_type=\"container\" data-settings=\"{&quot;background_background&quot;:&quot;classic&quot;}\">\n\t\t<div class=\"elementor-element elementor-element-7e12c21 e-con-full qode_elementor_container_inner e-flex parallax_section_no e-con e-child\" data-id=\"7e12c21\" data-element_type=\"container\" data-settings=\"{&quot;background_background&quot;:&quot;classic&quot;}\">\n\t\t<div class=\"elementor-element elementor-element-3a99855 e-con-full e-flex parallax_section_no qode_elementor_container_no e-con e-child\" data-id=\"3a99855\" data-element_type=\"container\" data-settings=\"{&quot;background_background&quot;:&quot;classic&quot;}\">\n\t\t<div class=\"elementor-element elementor-element-abce7d0 e-con-full e-flex parallax_section_no qode_elementor_container_no e-con e-child\" data-id=\"abce7d0\" data-element_type=\"container\">\n\t\t\t\t<div class=\"elementor-element elementor-element-938d120 elementor-widget elementor-widget-image\" data-id=\"938d120\" data-element_type=\"widget\" data-widget_type=\"image.default\">\n\t\t\t\t\t\t\t\t\t\t\t\t\t\t\t<img fetchpriority=\"high\" decoding=\"async\" width=\"390\" height=\"420\" src=\"https:\/\/maisrb.com.br\/sdc\/wp-content\/uploads\/2026\/01\/2-1.png\" class=\"attachment-full size-full wp-image-1111\" alt=\"\" srcset=\"https:\/\/maisrb.com.br\/sdc\/wp-content\/uploads\/2026\/01\/2-1.png 390w, https:\/\/maisrb.com.br\/sdc\/wp-content\/uploads\/2026\/01\/2-1-279x300.png 279w\" sizes=\"(max-width: 390px) 100vw, 390px\" \/>\t\t\t\t\t\t\t\t\t\t\t\t\t\t\t<\/div>\n\t\t\t\t<\/div>\n\t\t<div class=\"elementor-element elementor-element-fd85119 e-con-full e-flex parallax_section_no qode_elementor_container_no e-con e-child\" data-id=\"fd85119\" data-element_type=\"container\">\n\t\t\t\t<div class=\"elementor-element elementor-element-3547bee elementor-widget elementor-widget-text-editor\" data-id=\"3547bee\" data-element_type=\"widget\" data-widget_type=\"text-editor.default\">\n\t\t\t\t\t\t\t\t\t<h5>Dra. Carla Denise Colussi<\/h5>\t\t\t\t\t\t\t\t<\/div>\n\t\t\t\t<div class=\"elementor-element elementor-element-5ce94ca elementor-widget elementor-widget-text-editor\" data-id=\"5ce94ca\" data-element_type=\"widget\" data-widget_type=\"text-editor.default\">\n\t\t\t\t\t\t\t\t\t<h6>CRM 8929 RQE 11972<\/h6>\t\t\t\t\t\t\t\t<\/div>\n\t\t\t\t<div class=\"elementor-element elementor-element-dd62e56 elementor-widget elementor-widget-text-editor\" data-id=\"dd62e56\" data-element_type=\"widget\" data-widget_type=\"text-editor.default\">\n\t\t\t\t\t\t\t\t\t<ul><li><span style=\"color: #000000\">Formada em medicina pela Universidade Federal de Santa Maria-RS.\u00a0<\/span><\/li><li><span style=\"color: #000000\">Resid\u00eancia em Cl\u00ednica M\u00e9dica no Hospital da PUC-RS.<\/span><\/li><li><span style=\"color: #000000\">Resid\u00eancia em Cardiologia no Hospital da PUC-RS.<\/span><\/li><li><span style=\"color: #000000\">Especializa\u00e7\u00e3o em Ecodopplercardiografia\u00a0no Hospital da PUC-RS.<\/span><\/li><li><span style=\"color: #000000\">Especializa\u00e7\u00e3o em ecografia vascular de art\u00e9rias car\u00f3tidas e vertebrais pelo Instituto Radimagem em Porto Alegre.<\/span><\/li><li><span style=\"color: #000000\"> T\u00edtulo de especialista em cardiologia pela Sociedade Brasileira de <\/span><span style=\"color: #000000\">Cardiologia.<\/span><\/li><li><span style=\"color: #000000\">T\u00edtulo de especialista em ecodopplercardiografia pela Sociedade Brasileira <\/span><span style=\"color: #000000\">de Cardiologia.<\/span><\/li><li><span style=\"color: #000000\">Revalida\u00e7\u00e3o do t\u00edtulo de cardiologia pela Sociedade Brasileira de Cardiologia.<\/span><\/li><li><span style=\"color: #000000\">Curso de P\u00f3s-gradua\u00e7\u00e3o em Medicina do Esporte pela Universidade Veiga <\/span><span style=\"color: #000000\">de Almeida.<\/span><\/li><li><span style=\"color: #000000\">Especializa\u00e7\u00e3o em Gest\u00e3o de Servi\u00e7os de Sa\u00fade pelo Instituto Federal de <\/span><span style=\"color: #000000\">Santa Catarina.<\/span><\/li><\/ul>\t\t\t\t\t\t\t\t<\/div>\n\t\t\t\t<\/div>\n\t\t\t\t<\/div>\n\t\t\t\t<\/div>\n\t\t\t\t<\/div>\n\t\t\t\t<\/div>\n\t\t<div class=\"elementor-element elementor-element-0424d32 e-con-full e-flex parallax_section_no qode_elementor_container_no e-con e-parent\" data-id=\"0424d32\" data-element_type=\"container\">\n\t\t<div class=\"elementor-element elementor-element-a07df48 e-con-full e-flex parallax_section_no qode_elementor_container_no e-con e-child\" data-id=\"a07df48\" data-element_type=\"container\" data-settings=\"{&quot;background_background&quot;:&quot;classic&quot;}\">\n\t\t<div class=\"elementor-element elementor-element-c85e92d e-con-full qode_elementor_container_inner e-flex parallax_section_no e-con e-child\" data-id=\"c85e92d\" data-element_type=\"container\" data-settings=\"{&quot;background_background&quot;:&quot;classic&quot;}\">\n\t\t<div class=\"elementor-element elementor-element-e35aed1 e-con-full e-flex parallax_section_no qode_elementor_container_no e-con e-child\" data-id=\"e35aed1\" data-element_type=\"container\" data-settings=\"{&quot;background_background&quot;:&quot;classic&quot;}\">\n\t\t<div class=\"elementor-element elementor-element-34984ee e-con-full e-flex parallax_section_no qode_elementor_container_no e-con e-child\" data-id=\"34984ee\" data-element_type=\"container\">\n\t\t\t\t<div class=\"elementor-element elementor-element-e1971a5 elementor-widget elementor-widget-image\" data-id=\"e1971a5\" data-element_type=\"widget\" data-widget_type=\"image.default\">\n\t\t\t\t\t\t\t\t\t\t\t\t\t\t\t<img decoding=\"async\" width=\"390\" height=\"420\" src=\"https:\/\/maisrb.com.br\/sdc\/wp-content\/uploads\/2026\/01\/1-1.png\" class=\"attachment-full size-full wp-image-1110\" alt=\"\" srcset=\"https:\/\/maisrb.com.br\/sdc\/wp-content\/uploads\/2026\/01\/1-1.png 390w, https:\/\/maisrb.com.br\/sdc\/wp-content\/uploads\/2026\/01\/1-1-279x300.png 279w\" sizes=\"(max-width: 390px) 100vw, 390px\" \/>\t\t\t\t\t\t\t\t\t\t\t\t\t\t\t<\/div>\n\t\t\t\t<\/div>\n\t\t<div class=\"elementor-element elementor-element-6811ac6 e-con-full e-flex parallax_section_no qode_elementor_container_no e-con e-child\" data-id=\"6811ac6\" data-element_type=\"container\">\n\t\t\t\t<div class=\"elementor-element elementor-element-48fff2c elementor-widget elementor-widget-text-editor\" data-id=\"48fff2c\" data-element_type=\"widget\" data-widget_type=\"text-editor.default\">\n\t\t\t\t\t\t\t\t\t<h5>Dr. Marco Antonio Skerkoski<\/h5>\t\t\t\t\t\t\t\t<\/div>\n\t\t\t\t<div class=\"elementor-element elementor-element-56d097f elementor-widget elementor-widget-text-editor\" data-id=\"56d097f\" data-element_type=\"widget\" data-widget_type=\"text-editor.default\">\n\t\t\t\t\t\t\t\t\t<h6>CRM 8823 RQE 12202<\/h6>\t\t\t\t\t\t\t\t<\/div>\n\t\t\t\t<div class=\"elementor-element elementor-element-cff9ab5 elementor-widget elementor-widget-text-editor\" data-id=\"cff9ab5\" data-element_type=\"widget\" data-widget_type=\"text-editor.default\">\n\t\t\t\t\t\t\t\t\t<ul><li><span style=\"color: #000000\">Formado em medicina pela Universidade Federal de Rio Grande-RS<\/span><\/li><li><span style=\"color: #000000\">Resid\u00eancia em Cl\u00ednica M\u00e9dica na Universidade Federal de Rio Grande-RS.<\/span><\/li><li><span style=\"color: #000000\">Resid\u00eancia em Cardiologia no Hospital da PUC-RS.<\/span><\/li><li><span style=\"color: #000000\">Especializa\u00e7\u00e3o em Ecodopplecardiografia no Hospital da PUC-RS.<\/span><\/li><li><span style=\"color: #000000\">Especializa\u00e7\u00e3o em ecografia vascular de art\u00e9rias car\u00f3tidas e vertebrais pelo Instituto Radimagem em Porto Alegre.<\/span><\/li><li><span style=\"color: #000000\"> T\u00edtulo de especialista em cardiologia pela Sociedade Brasileira de <\/span><span style=\"color: #000000\">Cardiologia.<\/span><\/li><li><span style=\"color: #000000\">T\u00edtulo de especialista em cardiologia pela Sociedade Brasileira de Cardiologia.<\/span><\/li><li><span style=\"color: #000000\">T\u00edtulo de especialista em ecodopplercardiografia pela Sociedade Brasileira de Cardiologia.<\/span><\/li><li><span style=\"color: #000000\">Revalida\u00e7\u00e3o do t\u00edtulo de cardiologia pela Sociedade Brasileira de Cardiologia.\u00a0<\/span><\/li><\/ul>\t\t\t\t\t\t\t\t<\/div>\n\t\t\t\t<\/div>\n\t\t\t\t<\/div>\n\t\t\t\t<\/div>\n\t\t\t\t<\/div>\n\t\t\t\t<\/div>\n\t\t<div class=\"elementor-element elementor-element-89f9a80 e-con-full e-flex parallax_section_no qode_elementor_container_no e-con e-parent\" data-id=\"89f9a80\" data-element_type=\"container\">\n\t\t<div class=\"elementor-element elementor-element-3c2bc5d e-con-full e-flex parallax_section_no qode_elementor_container_no e-con e-child\" data-id=\"3c2bc5d\" data-element_type=\"container\" data-settings=\"{&quot;background_background&quot;:&quot;classic&quot;}\">\n\t\t<div class=\"elementor-element elementor-element-74893a0 e-con-full qode_elementor_container_inner e-flex parallax_section_no e-con e-child\" data-id=\"74893a0\" data-element_type=\"container\" data-settings=\"{&quot;background_background&quot;:&quot;classic&quot;}\">\n\t\t<div class=\"elementor-element elementor-element-ac741ac e-con-full e-flex parallax_section_no qode_elementor_container_no e-con e-child\" data-id=\"ac741ac\" data-element_type=\"container\" data-settings=\"{&quot;background_background&quot;:&quot;classic&quot;}\">\n\t\t<div class=\"elementor-element elementor-element-d356050 e-con-full e-flex parallax_section_no qode_elementor_container_no e-con e-child\" data-id=\"d356050\" data-element_type=\"container\">\n\t\t\t\t<div class=\"elementor-element elementor-element-6519a8a elementor-widget elementor-widget-image\" data-id=\"6519a8a\" data-element_type=\"widget\" data-widget_type=\"image.default\">\n\t\t\t\t\t\t\t\t\t\t\t\t\t\t\t<img decoding=\"async\" width=\"390\" height=\"420\" src=\"https:\/\/maisrb.com.br\/sdc\/wp-content\/uploads\/2026\/01\/Design-sem-nome-2026-01-26T105128.751.png\" class=\"attachment-full size-full wp-image-1159\" alt=\"\" srcset=\"https:\/\/maisrb.com.br\/sdc\/wp-content\/uploads\/2026\/01\/Design-sem-nome-2026-01-26T105128.751.png 390w, https:\/\/maisrb.com.br\/sdc\/wp-content\/uploads\/2026\/01\/Design-sem-nome-2026-01-26T105128.751-279x300.png 279w\" sizes=\"(max-width: 390px) 100vw, 390px\" \/>\t\t\t\t\t\t\t\t\t\t\t\t\t\t\t<\/div>\n\t\t\t\t<\/div>\n\t\t<div class=\"elementor-element elementor-element-9f4cba5 e-con-full e-flex parallax_section_no qode_elementor_container_no e-con e-child\" data-id=\"9f4cba5\" data-element_type=\"container\">\n\t\t\t\t<div class=\"elementor-element elementor-element-a9d462e elementor-widget elementor-widget-text-editor\" data-id=\"a9d462e\" data-element_type=\"widget\" data-widget_type=\"text-editor.default\">\n\t\t\t\t\t\t\t\t\t<h5>Dr. Rui Pieri<\/h5>\t\t\t\t\t\t\t\t<\/div>\n\t\t\t\t<div class=\"elementor-element elementor-element-07a21e0 elementor-widget elementor-widget-text-editor\" data-id=\"07a21e0\" data-element_type=\"widget\" data-widget_type=\"text-editor.default\">\n\t\t\t\t\t\t\t\t\t<h6>CRMSC 36894\u00a0 RQE Cardiologia 24737<\/h6>\t\t\t\t\t\t\t\t<\/div>\n\t\t\t\t<div class=\"elementor-element elementor-element-659f959 elementor-widget elementor-widget-spacer\" data-id=\"659f959\" data-element_type=\"widget\" data-widget_type=\"spacer.default\">\n\t\t\t\t\t\t\t<div class=\"elementor-spacer\">\n\t\t\t<div class=\"elementor-spacer-inner\"><\/div>\n\t\t<\/div>\n\t\t\t\t\t\t<\/div>\n\t\t\t\t<div class=\"elementor-element elementor-element-b47277a elementor-widget elementor-widget-text-editor\" data-id=\"b47277a\" data-element_type=\"widget\" data-widget_type=\"text-editor.default\">\n\t\t\t\t\t\t\t\t\t<ul><li><span style=\"color: #000000\">Gradua\u00e7\u00e3o em Medicina pela Faculdade de Medicina de Mar\u00edlia(FAMEMA).<\/span><\/li><li><span style=\"color: #000000\">Resid\u00eancia M\u00e9dica em Cl\u00ednica M\u00e9dica pelo Hospital das Cl\u00ednicas da Universidade de Campinas(UNICAMP).<\/span><\/li><li><span style=\"color: #000000\">Resid\u00eancia M\u00e9dica em Cardiogia pelo Instituto Dante Pazzanese de Cardiologia(IDPC).<\/span><\/li><li><span style=\"color: #000000\">Resid\u00eancia M\u00e9dica em Insufici\u00eancia Card\u00edaca Avan\u00e7ada e Transplante Card\u00edaco pelo Instituto do Cora\u00e7\u00e3o(InCor) do Hospital das Cl\u00ednicas da Faculdade de Medicina da USP.<\/span><\/li><li><span style=\"color: #000000\">Aluno do programa de p\u00f3s-gradua\u00e7\u00e3o(Doutorado Fisiopatologia em Cl\u00ednica M\u00e9dica com \u00eanfase em Cardiologia) da Faculdade Medicina de Botucatu &#8211; UNESP<\/span><\/li><li><span style=\"color: #000000\">M\u00e9dico Cardiologista do ambulat\u00f3rio do Instituto de Cardiologia de Santa Catarina(ICSC) e da unidade de interna\u00e7\u00e3o dos Hospitais Ba\u00eda Sul e Imperial Hospital de Caridade.<\/span><\/li><\/ul>\t\t\t\t\t\t\t\t<\/div>\n\t\t\t\t<\/div>\n\t\t\t\t<\/div>\n\t\t\t\t<\/div>\n\t\t\t\t<\/div>\n\t\t\t\t<\/div>\n\t\t<div class=\"elementor-element elementor-element-65b0d06 e-con-full e-flex parallax_section_no qode_elementor_container_no e-con e-parent\" data-id=\"65b0d06\" data-element_type=\"container\">\n\t\t<div class=\"elementor-element elementor-element-ad3f26b e-con-full e-flex parallax_section_no qode_elementor_container_no e-con e-child\" data-id=\"ad3f26b\" data-element_type=\"container\" data-settings=\"{&quot;background_background&quot;:&quot;classic&quot;}\">\n\t\t<div class=\"elementor-element elementor-element-5efd0b1 e-con-full qode_elementor_container_inner e-flex parallax_section_no e-con e-child\" data-id=\"5efd0b1\" data-element_type=\"container\">\n\t\t<div class=\"elementor-element elementor-element-4f2eb3b e-con-full e-flex parallax_section_no qode_elementor_container_no e-con e-child\" data-id=\"4f2eb3b\" data-element_type=\"container\" data-settings=\"{&quot;background_background&quot;:&quot;classic&quot;}\">\n\t\t<div class=\"elementor-element elementor-element-9a49e1c e-con-full e-flex parallax_section_no qode_elementor_container_no e-con e-child\" data-id=\"9a49e1c\" data-element_type=\"container\">\n\t\t\t\t<div class=\"elementor-element elementor-element-da894da elementor-widget elementor-widget-image\" data-id=\"da894da\" data-element_type=\"widget\" data-widget_type=\"image.default\">\n\t\t\t\t\t\t\t\t\t\t\t\t\t\t\t<img loading=\"lazy\" decoding=\"async\" width=\"390\" height=\"420\" src=\"https:\/\/maisrb.com.br\/sdc\/wp-content\/uploads\/2026\/01\/Design-sem-nome-2026-01-27T160659.416.png\" class=\"attachment-full size-full wp-image-1194\" alt=\"\" srcset=\"https:\/\/maisrb.com.br\/sdc\/wp-content\/uploads\/2026\/01\/Design-sem-nome-2026-01-27T160659.416.png 390w, https:\/\/maisrb.com.br\/sdc\/wp-content\/uploads\/2026\/01\/Design-sem-nome-2026-01-27T160659.416-279x300.png 279w\" sizes=\"(max-width: 390px) 100vw, 390px\" \/>\t\t\t\t\t\t\t\t\t\t\t\t\t\t\t<\/div>\n\t\t\t\t<\/div>\n\t\t<div class=\"elementor-element elementor-element-61e4bd2 e-con-full e-flex parallax_section_no qode_elementor_container_no e-con e-child\" data-id=\"61e4bd2\" data-element_type=\"container\">\n\t\t\t\t<div class=\"elementor-element elementor-element-e0c071e elementor-widget elementor-widget-text-editor\" data-id=\"e0c071e\" data-element_type=\"widget\" data-widget_type=\"text-editor.default\">\n\t\t\t\t\t\t\t\t\t<h5>Dra. Tatiana Bornschein<\/h5>\t\t\t\t\t\t\t\t<\/div>\n\t\t\t\t<div class=\"elementor-element elementor-element-af27c20 elementor-widget elementor-widget-text-editor\" data-id=\"af27c20\" data-element_type=\"widget\" data-widget_type=\"text-editor.default\">\n\t\t\t\t\t\t\t\t\t<h6>CRM 11635 RQE 7675<\/h6>\t\t\t\t\t\t\t\t<\/div>\n\t\t\t\t<div class=\"elementor-element elementor-element-e886b4a elementor-widget elementor-widget-text-editor\" data-id=\"e886b4a\" data-element_type=\"widget\" data-widget_type=\"text-editor.default\">\n\t\t\t\t\t\t\t\t\t<ul><li><span style=\"color: #000000\">Formada em medicina pela Funda\u00e7\u00e3o Universidade Regional de Blumenau &#8211; <\/span><span style=\"color: #000000\">FURB.<\/span><\/li><li><span style=\"color: #000000\">Resid\u00eancia em Cl\u00ednica M\u00e9dica pelo Hospital Regional de S\u00e3o Jos\u00e9 &#8211; Homero de Miranda Gomes.<\/span><\/li><li><span style=\"color: #000000\">Resid\u00eancia em Cardiologia pelo Instituto de Cardiologia de Santa Catarina.<\/span><\/li><li><span style=\"color: #000000\">Diretora Administrativa da SOCESC (sociedade Catarinense de cardiologia) bi\u00eanios 24-25 e 26-27.<\/span><\/li><li><span style=\"color: #000000\">Especializa\u00e7\u00e3o em Ecocardiografia pelo Hospital S\u00e3o Lucas da PUCRS<\/span><\/li><li><span style=\"color: #000000\">Especializa\u00e7\u00e3o em Ecografia vascular de art\u00e9rias car\u00f3tidas e vertebrais pela escola CETRUS.<\/span><\/li><li><span style=\"color: #000000\">T\u00edtulo de especialista em Cardiologia pela Sociedade Brasileira de Cardiologia (SBC-AMB).<\/span><\/li><li><span style=\"color: #000000\">T\u00edtulo de especialista em Ecocardiografia pela Sociedade Brasileira de Cardiologia (SBC-AMB). <\/span><\/li><li><span style=\"color: #000000\">Est\u00e1gio de Ecocardiografia pedi\u00e1trica pelo CHU Sainte-Justine, Universit\u00e9 de Montreal (Canad\u00e1, Qc).<\/span><\/li><\/ul>\t\t\t\t\t\t\t\t<\/div>\n\t\t\t\t<\/div>\n\t\t\t\t<\/div>\n\t\t\t\t<\/div>\n\t\t\t\t<\/div>\n\t\t\t\t<\/div>\n\t\t\t\t<\/div>\n\t\t","protected":false},"excerpt":{"rendered":"<p>Corpo Cl\u00ednico Dra. Carla Denise Colussi CRM 8929 RQE 11972 Formada em medicina pela Universidade Federal de Santa Maria-RS.\u00a0 Resid\u00eancia em Cl\u00ednica M\u00e9dica no Hospital da PUC-RS. Resid\u00eancia em Cardiologia no Hospital da PUC-RS. Especializa\u00e7\u00e3o em Ecodopplercardiografia\u00a0no Hospital da PUC-RS. Especializa\u00e7\u00e3o em ecografia vascular de&#8230;<\/p>\n","protected":false},"author":1,"featured_media":0,"parent":0,"menu_order":0,"comment_status":"closed","ping_status":"closed","template":"full_width.php","meta":{"footnotes":""},"class_list":["post-617","page","type-page","status-publish","hentry"],"_links":{"self":[{"href":"https:\/\/maisrb.com.br\/sdc\/wp-json\/wp\/v2\/pages\/617","targetHints":{"allow":["GET"]}}],"collection":[{"href":"https:\/\/maisrb.com.br\/sdc\/wp-json\/wp\/v2\/pages"}],"about":[{"href":"https:\/\/maisrb.com.br\/sdc\/wp-json\/wp\/v2\/types\/page"}],"author":[{"embeddable":true,"href":"https:\/\/maisrb.com.br\/sdc\/wp-json\/wp\/v2\/users\/1"}],"replies":[{"embeddable":true,"href":"https:\/\/maisrb.com.br\/sdc\/wp-json\/wp\/v2\/comments?post=617"}],"version-history":[{"count":148,"href":"https:\/\/maisrb.com.br\/sdc\/wp-json\/wp\/v2\/pages\/617\/revisions"}],"predecessor-version":[{"id":1219,"href":"https:\/\/maisrb.com.br\/sdc\/wp-json\/wp\/v2\/pages\/617\/revisions\/1219"}],"wp:attachment":[{"href":"https:\/\/maisrb.com.br\/sdc\/wp-json\/wp\/v2\/media?parent=617"}],"curies":[{"name":"wp","href":"https:\/\/api.w.org\/{rel}","templated":true}]}}