{"id":601,"date":"2025-12-19T12:58:28","date_gmt":"2025-12-19T12:58:28","guid":{"rendered":"https:\/\/maisrb.com.br\/sdc\/?page_id=601"},"modified":"2025-12-19T17:48:42","modified_gmt":"2025-12-19T17:48:42","slug":"blog","status":"publish","type":"page","link":"https:\/\/maisrb.com.br\/sdc\/blog\/","title":{"rendered":"Blog"},"content":{"rendered":"\t\t<div data-elementor-type=\"wp-page\" data-elementor-id=\"601\" class=\"elementor elementor-601\">\n\t\t\t\t<div class=\"elementor-element elementor-element-8fd2c6a e-con-full e-flex parallax_section_no qode_elementor_container_no e-con e-parent\" data-id=\"8fd2c6a\" data-element_type=\"container\" data-settings=\"{&quot;background_background&quot;:&quot;classic&quot;}\">\n\t\t<div class=\"elementor-element elementor-element-8ad5ce4 e-flex e-con-boxed parallax_section_no qode_elementor_container_no e-con e-child\" data-id=\"8ad5ce4\" data-element_type=\"container\">\n\t\t\t\t\t<div class=\"e-con-inner\">\n\t\t\t\t<div class=\"elementor-element elementor-element-0a33d7d elementor-widget elementor-widget-heading\" data-id=\"0a33d7d\" data-element_type=\"widget\" data-widget_type=\"heading.default\">\n\t\t\t\t\t<h3 class=\"elementor-heading-title elementor-size-default\">Blog<\/h3>\t\t\t\t<\/div>\n\t\t\t\t<div class=\"elementor-element elementor-element-ba27d1e elementor-widget elementor-widget-qi_addons_for_elementor_blog_list\" data-id=\"ba27d1e\" data-element_type=\"widget\" data-widget_type=\"qi_addons_for_elementor_blog_list.default\">\n\t\t\t\t<div class=\"elementor-widget-container\">\n\t\t\t\t\t<div class=\"qodef-shortcode qodef-m qodef-addons-blog-list qodef-info-no-icons qodef-image--hover-zoom qodef-qi-grid qodef-layout--qi-masonry qodef-col-num--3 qodef-item-layout--boxed qodef-responsive--predefined\" >\n\t<div class=\"qodef-grid-inner\">\n\t\t\t<div class=\"qodef-qi-grid-masonry-sizer\"><\/div>\n<article class=\"qodef-e qodef-blog-item qodef-grid-item post-894 post type-post status-publish format-standard has-post-thumbnail hentry category-blog\">\n\t<div class=\"qodef-e-inner\">\n\t\t<div class=\"qodef-e-media-holder\">\n\t\t\t<div class=\"qodef-e-media\">\n\t\t<div class=\"qodef-e-media-image\">\n\t\t<a itemprop=\"url\" href=\"https:\/\/maisrb.com.br\/sdc\/como-medir-corretamente-a-pressao-arterial\/\">\n\t\t\t<img fetchpriority=\"high\" decoding=\"async\" width=\"800\" height=\"400\" src=\"https:\/\/maisrb.com.br\/sdc\/wp-content\/uploads\/2026\/01\/1.png\" class=\"attachment- size-\" alt=\"\" srcset=\"https:\/\/maisrb.com.br\/sdc\/wp-content\/uploads\/2026\/01\/1.png 800w, https:\/\/maisrb.com.br\/sdc\/wp-content\/uploads\/2026\/01\/1-300x150.png 300w, https:\/\/maisrb.com.br\/sdc\/wp-content\/uploads\/2026\/01\/1-768x384.png 768w, https:\/\/maisrb.com.br\/sdc\/wp-content\/uploads\/2026\/01\/1-700x350.png 700w\" sizes=\"(max-width: 800px) 100vw, 800px\" \/>\t\t<\/a>\n\t\t\t<\/div>\n<\/div>\n\t\t<\/div>\n\t\t<div class=\"qodef-e-content\">\n\t\t\t\t\t\t\t<div class=\"qodef-e-info qodef-info--top\">\n\t\t\t\t\t<div class=\"qodef-e-info-item qodef-e-info-category\">\n\t\t<a href=\"https:\/\/maisrb.com.br\/sdc\/category\/blog\/\" rel=\"category tag\">Blog<\/a><\/div>\n\t\t\t\t<\/div>\n\t\t\t\t\t\t<div class=\"qodef-e-text\">\n\t\t\t\t<h5 itemprop=\"name\" class=\"qodef-e-title entry-title\">\n\t<a itemprop=\"url\" class=\"qodef-e-title-link\" href=\"https:\/\/maisrb.com.br\/sdc\/como-medir-corretamente-a-pressao-arterial\/\">\n\t\tComo medir corretamente a press\u00e3o arterial\t<\/a>\n<\/h5>\n\t\t<p itemprop=\"description\" class=\"qodef-e-excerpt\">\n\t\t\tComo medir corretamente a press\u00e3o arterial: orienta\u00e7\u00f5es pr\u00e1ticas para o dia a dia A medi\u00e7\u00e3o da press\u00e3o arterial \u00e9 um dos passos mais importantes para o diagn\u00f3stico e o con\t\t<\/p>\n\t\t\t\t<\/div>\n\t\t\t\t\t<\/div>\n\t<\/div>\n<\/article>\n<article class=\"qodef-e qodef-blog-item qodef-grid-item post-892 post type-post status-publish format-standard has-post-thumbnail hentry category-blog\">\n\t<div class=\"qodef-e-inner\">\n\t\t<div class=\"qodef-e-media-holder\">\n\t\t\t<div class=\"qodef-e-media\">\n\t\t<div class=\"qodef-e-media-image\">\n\t\t<a itemprop=\"url\" href=\"https:\/\/maisrb.com.br\/sdc\/o-que-mudou-nas-novas-diretrizes-brasileiras-de-hipertensao\/\">\n\t\t\t<img decoding=\"async\" width=\"800\" height=\"400\" src=\"https:\/\/maisrb.com.br\/sdc\/wp-content\/uploads\/2026\/01\/2.png\" class=\"attachment- size-\" alt=\"\" srcset=\"https:\/\/maisrb.com.br\/sdc\/wp-content\/uploads\/2026\/01\/2.png 800w, https:\/\/maisrb.com.br\/sdc\/wp-content\/uploads\/2026\/01\/2-300x150.png 300w, https:\/\/maisrb.com.br\/sdc\/wp-content\/uploads\/2026\/01\/2-768x384.png 768w, https:\/\/maisrb.com.br\/sdc\/wp-content\/uploads\/2026\/01\/2-700x350.png 700w\" sizes=\"(max-width: 800px) 100vw, 800px\" \/>\t\t<\/a>\n\t\t\t<\/div>\n<\/div>\n\t\t<\/div>\n\t\t<div class=\"qodef-e-content\">\n\t\t\t\t\t\t\t<div class=\"qodef-e-info qodef-info--top\">\n\t\t\t\t\t<div class=\"qodef-e-info-item qodef-e-info-category\">\n\t\t<a href=\"https:\/\/maisrb.com.br\/sdc\/category\/blog\/\" rel=\"category tag\">Blog<\/a><\/div>\n\t\t\t\t<\/div>\n\t\t\t\t\t\t<div class=\"qodef-e-text\">\n\t\t\t\t<h5 itemprop=\"name\" class=\"qodef-e-title entry-title\">\n\t<a itemprop=\"url\" class=\"qodef-e-title-link\" href=\"https:\/\/maisrb.com.br\/sdc\/o-que-mudou-nas-novas-diretrizes-brasileiras-de-hipertensao\/\">\n\t\tO que mudou nas novas Diretrizes Brasileiras de Hipertens\u00e3o\t<\/a>\n<\/h5>\n\t\t<p itemprop=\"description\" class=\"qodef-e-excerpt\">\n\t\t\tO que mudou nas novas Diretrizes Brasileiras de Hipertens\u00e3o Arterial A hipertens\u00e3o arterial \u00e9 uma das principais causas de doen\u00e7as cardiovasculares no Brasil e no mundo. Por is\t\t<\/p>\n\t\t\t\t<\/div>\n\t\t\t\t\t<\/div>\n\t<\/div>\n<\/article>\n\t<\/div>\n\t<\/div>\n\t\t\t\t<\/div>\n\t\t\t\t<\/div>\n\t\t\t\t\t<\/div>\n\t\t\t\t<\/div>\n\t\t\t\t<\/div>\n\t\t\t\t<\/div>\n\t\t","protected":false},"excerpt":{"rendered":"<p>Blog BlogUncategorized Loren Lorem ipsum dolor sit amet, consectetur adipiscing elit, sed do eiusmod tempor incididunt ut labore et dolore magna aliqua. Ut enim ad minim veniam, quis nostrud exercitation ullam BlogUncategorized Loren Lorem ipsum dolor sit amet, consectetur adipiscing elit, sed do eiusmod tempor&#8230;<\/p>\n","protected":false},"author":1,"featured_media":0,"parent":0,"menu_order":0,"comment_status":"closed","ping_status":"closed","template":"full_width.php","meta":{"footnotes":""},"class_list":["post-601","page","type-page","status-publish","hentry"],"_links":{"self":[{"href":"https:\/\/maisrb.com.br\/sdc\/wp-json\/wp\/v2\/pages\/601","targetHints":{"allow":["GET"]}}],"collection":[{"href":"https:\/\/maisrb.com.br\/sdc\/wp-json\/wp\/v2\/pages"}],"about":[{"href":"https:\/\/maisrb.com.br\/sdc\/wp-json\/wp\/v2\/types\/page"}],"author":[{"embeddable":true,"href":"https:\/\/maisrb.com.br\/sdc\/wp-json\/wp\/v2\/users\/1"}],"replies":[{"embeddable":true,"href":"https:\/\/maisrb.com.br\/sdc\/wp-json\/wp\/v2\/comments?post=601"}],"version-history":[{"count":10,"href":"https:\/\/maisrb.com.br\/sdc\/wp-json\/wp\/v2\/pages\/601\/revisions"}],"predecessor-version":[{"id":880,"href":"https:\/\/maisrb.com.br\/sdc\/wp-json\/wp\/v2\/pages\/601\/revisions\/880"}],"wp:attachment":[{"href":"https:\/\/maisrb.com.br\/sdc\/wp-json\/wp\/v2\/media?parent=601"}],"curies":[{"name":"wp","href":"https:\/\/api.w.org\/{rel}","templated":true}]}}