{"id":549,"date":"2025-12-15T14:08:53","date_gmt":"2025-12-15T14:08:53","guid":{"rendered":"https:\/\/maisrb.com.br\/sdc\/?page_id=549"},"modified":"2025-12-15T14:27:18","modified_gmt":"2025-12-15T14:27:18","slug":"atuacao","status":"publish","type":"page","link":"https:\/\/maisrb.com.br\/sdc\/atuacao\/","title":{"rendered":"Atua\u00e7\u00e3o"},"content":{"rendered":"\t\t<div data-elementor-type=\"wp-page\" data-elementor-id=\"549\" class=\"elementor elementor-549\">\n\t\t\t\t<div class=\"elementor-element elementor-element-35570f1 e-grid e-con-boxed parallax_section_no qode_elementor_container_no e-con e-parent\" data-id=\"35570f1\" data-element_type=\"container\" data-settings=\"{&quot;background_background&quot;:&quot;classic&quot;}\">\n\t\t\t\t\t<div class=\"e-con-inner\">\n\t\t<div class=\"elementor-element elementor-element-ca19ed0 e-con-full e-flex parallax_section_no qode_elementor_container_no e-con e-child\" data-id=\"ca19ed0\" data-element_type=\"container\">\n\t\t<div class=\"elementor-element elementor-element-7e28890 e-con-full e-flex parallax_section_no qode_elementor_container_no e-con e-child\" data-id=\"7e28890\" data-element_type=\"container\">\n\t\t\t\t<div class=\"elementor-element elementor-element-498bc5f elementor-widget elementor-widget-text-editor\" data-id=\"498bc5f\" data-element_type=\"widget\" data-widget_type=\"text-editor.default\">\n\t\t\t\t\t\t\t\t\tContamos com uma equipe experiente, ambiente acolhedor e equipamentos modernos para garantir seguran\u00e7a, precis\u00e3o e tranquilidade em cada etapa do atendimento. \t\t\t\t\t\t\t\t<\/div>\n\t\t\t\t<\/div>\n\t\t\t\t<\/div>\n\t\t<div class=\"elementor-element elementor-element-00a7ce6 e-con-full e-flex parallax_section_no qode_elementor_container_no e-con e-child\" data-id=\"00a7ce6\" data-element_type=\"container\">\n\t\t<div class=\"elementor-element elementor-element-6f1f2f3 e-grid e-con-full parallax_section_no qode_elementor_container_no e-con e-child\" data-id=\"6f1f2f3\" data-element_type=\"container\">\n\t\t<div class=\"elementor-element elementor-element-68f2e00 e-con-full e-flex parallax_section_no qode_elementor_container_no e-con e-child\" data-id=\"68f2e00\" data-element_type=\"container\">\n\t\t\t\t<div class=\"elementor-element elementor-element-411eff9 elementor-view-default elementor-widget elementor-widget-icon\" data-id=\"411eff9\" data-element_type=\"widget\" data-widget_type=\"icon.default\">\n\t\t\t\t\t\t\t<div class=\"elementor-icon-wrapper\">\n\t\t\t<div class=\"elementor-icon\">\n\t\t\t<svg aria-hidden=\"true\" class=\"e-font-icon-svg e-far-heart\" viewBox=\"0 0 512 512\" xmlns=\"http:\/\/www.w3.org\/2000\/svg\"><path d=\"M458.4 64.3C400.6 15.7 311.3 23 256 79.3 200.7 23 111.4 15.6 53.6 64.3-21.6 127.6-10.6 230.8 43 285.5l175.4 178.7c10 10.2 23.4 15.9 37.6 15.9 14.3 0 27.6-5.6 37.6-15.8L469 285.6c53.5-54.7 64.7-157.9-10.6-221.3zm-23.6 187.5L259.4 430.5c-2.4 2.4-4.4 2.4-6.8 0L77.2 251.8c-36.5-37.2-43.9-107.6 7.3-150.7 38.9-32.7 98.9-27.8 136.5 10.5l35 35.7 35-35.7c37.8-38.5 97.8-43.2 136.5-10.6 51.1 43.1 43.5 113.9 7.3 150.8z\"><\/path><\/svg>\t\t\t<\/div>\n\t\t<\/div>\n\t\t\t\t\t\t<\/div>\n\t\t\t\t<div class=\"elementor-element elementor-element-127aa96 elementor-widget elementor-widget-text-editor\" data-id=\"127aa96\" data-element_type=\"widget\" data-widget_type=\"text-editor.default\">\n\t\t\t\t\t\t\t\t\tConsulta Cardiol\u00f3gica \t\t\t\t\t\t\t\t<\/div>\n\t\t\t\t<div class=\"elementor-element elementor-element-bf27f55 elementor-widget elementor-widget-text-editor\" data-id=\"bf27f55\" data-element_type=\"widget\" data-widget_type=\"text-editor.default\">\n\t\t\t\t\t\t\t\t\tAvalia\u00e7\u00e3o completa com cardiologistas experientes, focada em preven\u00e7\u00e3o, diagn\u00f3stico e tratamento das doen\u00e7as cardiovasculares. O atendimento considera hist\u00f3rico cl\u00ednico, fatores de risco, sintomas e metas de sa\u00fade do paciente.\t\t\t\t\t\t\t\t<\/div>\n\t\t\t\t<\/div>\n\t\t<div class=\"elementor-element elementor-element-062ffc2 e-con-full e-flex parallax_section_no qode_elementor_container_no e-con e-child\" data-id=\"062ffc2\" data-element_type=\"container\">\n\t\t\t\t<div class=\"elementor-element elementor-element-2da6d83 elementor-view-default elementor-widget elementor-widget-icon\" data-id=\"2da6d83\" data-element_type=\"widget\" data-widget_type=\"icon.default\">\n\t\t\t\t\t\t\t<div class=\"elementor-icon-wrapper\">\n\t\t\t<div class=\"elementor-icon\">\n\t\t\t<svg aria-hidden=\"true\" class=\"e-font-icon-svg e-fas-heart\" viewBox=\"0 0 512 512\" xmlns=\"http:\/\/www.w3.org\/2000\/svg\"><path d=\"M462.3 62.6C407.5 15.9 326 24.3 275.7 76.2L256 96.5l-19.7-20.3C186.1 24.3 104.5 15.9 49.7 62.6c-62.8 53.6-66.1 149.8-9.9 207.9l193.5 199.8c12.5 12.9 32.8 12.9 45.3 0l193.5-199.8c56.3-58.1 53-154.3-9.8-207.9z\"><\/path><\/svg>\t\t\t<\/div>\n\t\t<\/div>\n\t\t\t\t\t\t<\/div>\n\t\t\t\t<div class=\"elementor-element elementor-element-2d334e6 elementor-widget elementor-widget-text-editor\" data-id=\"2d334e6\" data-element_type=\"widget\" data-widget_type=\"text-editor.default\">\n\t\t\t\t\t\t\t\t\tPreven\u00e7\u00e3o Cardiovascular\t\t\t\t\t\t\t\t<\/div>\n\t\t\t\t<div class=\"elementor-element elementor-element-8df8550 elementor-widget elementor-widget-text-editor\" data-id=\"8df8550\" data-element_type=\"widget\" data-widget_type=\"text-editor.default\">\n\t\t\t\t\t\t\t\t\tOrienta\u00e7\u00e3o personalizada para controle de colesterol, hipertens\u00e3o, diabetes, sobrepeso e outros fatores de risco. Nossa abordagem integra exames, acompanhamento cl\u00ednico e estrat\u00e9gias de mudan\u00e7a de estilo de vida.\t\t\t\t\t\t\t\t<\/div>\n\t\t\t\t<\/div>\n\t\t<div class=\"elementor-element elementor-element-a9e84a6 e-con-full e-flex parallax_section_no qode_elementor_container_no e-con e-child\" data-id=\"a9e84a6\" data-element_type=\"container\">\n\t\t\t\t<div class=\"elementor-element elementor-element-5e0df55 elementor-view-default elementor-widget elementor-widget-icon\" data-id=\"5e0df55\" data-element_type=\"widget\" data-widget_type=\"icon.default\">\n\t\t\t\t\t\t\t<div class=\"elementor-icon-wrapper\">\n\t\t\t<div class=\"elementor-icon\">\n\t\t\t<svg aria-hidden=\"true\" class=\"e-font-icon-svg e-fas-heartbeat\" viewBox=\"0 0 512 512\" xmlns=\"http:\/\/www.w3.org\/2000\/svg\"><path d=\"M320.2 243.8l-49.7 99.4c-6 12.1-23.4 11.7-28.9-.6l-56.9-126.3-30 71.7H60.6l182.5 186.5c7.1 7.3 18.6 7.3 25.7 0L451.4 288H342.3l-22.1-44.2zM473.7 73.9l-2.4-2.5c-51.5-52.6-135.8-52.6-187.4 0L256 100l-27.9-28.5c-51.5-52.7-135.9-52.7-187.4 0l-2.4 2.4C-10.4 123.7-12.5 203 31 256h102.4l35.9-86.2c5.4-12.9 23.6-13.2 29.4-.4l58.2 129.3 49-97.9c5.9-11.8 22.7-11.8 28.6 0l27.6 55.2H481c43.5-53 41.4-132.3-7.3-182.1z\"><\/path><\/svg>\t\t\t<\/div>\n\t\t<\/div>\n\t\t\t\t\t\t<\/div>\n\t\t\t\t<div class=\"elementor-element elementor-element-a46ef5b elementor-widget elementor-widget-text-editor\" data-id=\"a46ef5b\" data-element_type=\"widget\" data-widget_type=\"text-editor.default\">\n\t\t\t\t\t\t\t\t\tAcompanhamento de Doen\u00e7as Card\u00edacas \t\t\t\t\t\t\t\t<\/div>\n\t\t\t\t<div class=\"elementor-element elementor-element-dbcf3ba elementor-widget elementor-widget-text-editor\" data-id=\"dbcf3ba\" data-element_type=\"widget\" data-widget_type=\"text-editor.default\">\n\t\t\t\t\t\t\t\t\tSeguimento cont\u00ednuo de condi\u00e7\u00f5es como doen\u00e7a coronariana, insufici\u00eancia card\u00edaca, arritmias, valvopatias e cardiopatias estruturais. Objetivo: estabilidade cl\u00ednica, redu\u00e7\u00e3o de mortalidade e de complica\u00e7\u00f5es e mais qualidade de vida. \t\t\t\t\t\t\t\t<\/div>\n\t\t\t\t<\/div>\n\t\t<div class=\"elementor-element elementor-element-8d7c2fa e-con-full e-flex parallax_section_no qode_elementor_container_no e-con e-child\" data-id=\"8d7c2fa\" data-element_type=\"container\">\n\t\t\t\t<div class=\"elementor-element elementor-element-320db7b elementor-view-default elementor-widget elementor-widget-icon\" data-id=\"320db7b\" data-element_type=\"widget\" data-widget_type=\"icon.default\">\n\t\t\t\t\t\t\t<div class=\"elementor-icon-wrapper\">\n\t\t\t<div class=\"elementor-icon\">\n\t\t\t<svg aria-hidden=\"true\" class=\"e-font-icon-svg e-fas-user-nurse\" viewBox=\"0 0 448 512\" xmlns=\"http:\/\/www.w3.org\/2000\/svg\"><path d=\"M319.41,320,224,415.39,128.59,320C57.1,323.1,0,381.6,0,453.79A58.21,58.21,0,0,0,58.21,512H389.79A58.21,58.21,0,0,0,448,453.79C448,381.6,390.9,323.1,319.41,320ZM224,304A128,128,0,0,0,352,176V65.82a32,32,0,0,0-20.76-30L246.47,4.07a64,64,0,0,0-44.94,0L116.76,35.86A32,32,0,0,0,96,65.82V176A128,128,0,0,0,224,304ZM184,71.67a5,5,0,0,1,5-5h21.67V45a5,5,0,0,1,5-5h16.66a5,5,0,0,1,5,5V66.67H259a5,5,0,0,1,5,5V88.33a5,5,0,0,1-5,5H237.33V115a5,5,0,0,1-5,5H215.67a5,5,0,0,1-5-5V93.33H189a5,5,0,0,1-5-5ZM144,160H304v16a80,80,0,0,1-160,0Z\"><\/path><\/svg>\t\t\t<\/div>\n\t\t<\/div>\n\t\t\t\t\t\t<\/div>\n\t\t\t\t<div class=\"elementor-element elementor-element-b908348 elementor-widget elementor-widget-text-editor\" data-id=\"b908348\" data-element_type=\"widget\" data-widget_type=\"text-editor.default\">\n\t\t\t\t\t\t\t\t\tAvalia\u00e7\u00e3o Pr\u00e9-operat\u00f3ria \t\t\t\t\t\t\t\t<\/div>\n\t\t\t\t<div class=\"elementor-element elementor-element-73f7db4 elementor-widget elementor-widget-text-editor\" data-id=\"73f7db4\" data-element_type=\"widget\" data-widget_type=\"text-editor.default\">\n\t\t\t\t\t\t\t\t\tAn\u00e1lise criteriosa do risco cir\u00fargico, otimiza\u00e7\u00e3o de medica\u00e7\u00f5es e orienta\u00e7\u00f5es baseadas nas diretrizes atuais da Sociedade Brasileira de Cardiologia, Sociedades Americana e Europeia de Cardiologia.\t\t\t\t\t\t\t\t<\/div>\n\t\t\t\t<\/div>\n\t\t\t\t<\/div>\n\t\t\t\t<\/div>\n\t\t\t\t\t<\/div>\n\t\t\t\t<\/div>\n\t\t\t\t<\/div>\n\t\t","protected":false},"excerpt":{"rendered":"<p>Contamos com uma equipe experiente, ambiente acolhedor e equipamentos modernos para garantir seguran\u00e7a, precis\u00e3o e tranquilidade em cada etapa do atendimento. Consulta Cardiol\u00f3gica Avalia\u00e7\u00e3o completa com cardiologistas experientes, focada em preven\u00e7\u00e3o, diagn\u00f3stico e tratamento das doen\u00e7as cardiovasculares. O atendimento considera hist\u00f3rico cl\u00ednico, fatores de risco,&#8230;<\/p>\n","protected":false},"author":1,"featured_media":0,"parent":0,"menu_order":0,"comment_status":"closed","ping_status":"closed","template":"full_width.php","meta":{"footnotes":""},"class_list":["post-549","page","type-page","status-publish","hentry"],"_links":{"self":[{"href":"https:\/\/maisrb.com.br\/sdc\/wp-json\/wp\/v2\/pages\/549","targetHints":{"allow":["GET"]}}],"collection":[{"href":"https:\/\/maisrb.com.br\/sdc\/wp-json\/wp\/v2\/pages"}],"about":[{"href":"https:\/\/maisrb.com.br\/sdc\/wp-json\/wp\/v2\/types\/page"}],"author":[{"embeddable":true,"href":"https:\/\/maisrb.com.br\/sdc\/wp-json\/wp\/v2\/users\/1"}],"replies":[{"embeddable":true,"href":"https:\/\/maisrb.com.br\/sdc\/wp-json\/wp\/v2\/comments?post=549"}],"version-history":[{"count":7,"href":"https:\/\/maisrb.com.br\/sdc\/wp-json\/wp\/v2\/pages\/549\/revisions"}],"predecessor-version":[{"id":557,"href":"https:\/\/maisrb.com.br\/sdc\/wp-json\/wp\/v2\/pages\/549\/revisions\/557"}],"wp:attachment":[{"href":"https:\/\/maisrb.com.br\/sdc\/wp-json\/wp\/v2\/media?parent=549"}],"curies":[{"name":"wp","href":"https:\/\/api.w.org\/{rel}","templated":true}]}}