{"id":125,"date":"2020-03-10T10:30:17","date_gmt":"2020-03-10T10:30:17","guid":{"rendered":"https:\/\/bridge345.qodeinteractive.com\/?page_id=125"},"modified":"2026-01-20T17:35:35","modified_gmt":"2026-01-20T17:35:35","slug":"sobre","status":"publish","type":"page","link":"https:\/\/maisrb.com.br\/sdc\/sobre\/","title":{"rendered":"Sobre n\u00f3s"},"content":{"rendered":"\t\t<div data-elementor-type=\"wp-page\" data-elementor-id=\"125\" class=\"elementor elementor-125\">\n\t\t\t\t\t\t<section class=\"elementor-section elementor-top-section elementor-element elementor-element-b48082d elementor-section-full_width elementor-section-height-default elementor-section-height-default parallax_section_no qode_elementor_container_no\" data-id=\"b48082d\" data-element_type=\"section\" data-settings=\"{&quot;background_background&quot;:&quot;classic&quot;}\">\n\t\t\t\t\t\t<div class=\"elementor-container elementor-column-gap-default\">\n\t\t\t\t\t<div class=\"elementor-column elementor-col-100 elementor-top-column elementor-element elementor-element-276d55b\" data-id=\"276d55b\" data-element_type=\"column\" data-settings=\"{&quot;background_background&quot;:&quot;classic&quot;}\">\n\t\t\t<div class=\"elementor-widget-wrap elementor-element-populated\">\n\t\t\t\t\t\t<div class=\"elementor-element elementor-element-4245003 elementor-widget elementor-widget-spacer\" data-id=\"4245003\" data-element_type=\"widget\" data-widget_type=\"spacer.default\">\n\t\t\t\t\t\t\t<div class=\"elementor-spacer\">\n\t\t\t<div class=\"elementor-spacer-inner\"><\/div>\n\t\t<\/div>\n\t\t\t\t\t\t<\/div>\n\t\t\t\t\t<\/div>\n\t\t<\/div>\n\t\t\t\t\t<\/div>\n\t\t<\/section>\n\t\t<div class=\"elementor-element elementor-element-e93cba5 e-grid e-con-boxed parallax_section_no qode_elementor_container_no e-con e-parent\" data-id=\"e93cba5\" data-element_type=\"container\">\n\t\t\t\t\t<div class=\"e-con-inner\">\n\t\t<div class=\"elementor-element elementor-element-f904721 e-con-full e-flex parallax_section_no qode_elementor_container_no e-con e-child\" data-id=\"f904721\" data-element_type=\"container\">\n\t\t\t\t<div class=\"elementor-element elementor-element-0a844cb elementor-widget elementor-widget-text-editor\" data-id=\"0a844cb\" data-element_type=\"widget\" data-widget_type=\"text-editor.default\">\n\t\t\t\t\t\t\t\t\t<p><span style=\"font-size: 15px;color: #000000;letter-spacing: 1px\">CONHE\u00c7A NOSSA ATUA\u00c7\u00c3O<\/span><\/p>\t\t\t\t\t\t\t\t<\/div>\n\t\t\t\t<div class=\"elementor-element elementor-element-b993d51 elementor-widget elementor-widget-heading\" data-id=\"b993d51\" data-element_type=\"widget\" data-widget_type=\"heading.default\">\n\t\t\t\t\t<h3 class=\"elementor-heading-title elementor-size-default\">Sobre n\u00f3s<\/h3>\t\t\t\t<\/div>\n\t\t\t\t<div class=\"elementor-element elementor-element-4d59998 elementor-widget elementor-widget-text-editor\" data-id=\"4d59998\" data-element_type=\"widget\" data-widget_type=\"text-editor.default\">\n\t\t\t\t\t\t\t\t\t<p><span style=\"color: #000000\">A Sedic Cardiologia atua h\u00e1 mais de 26 anos oferecendo atendimento cardiol\u00f3gico de excel\u00eancia, com tecnologia atualizada e cuidado individualizado. Nossa miss\u00e3o \u00e9 proporcionar diagn\u00f3stico preciso, preven\u00e7\u00e3o eficaz e acompanhamento cont\u00ednuo, sempre com uma abordagem humanizada e baseada em evid\u00eancias.<\/span><\/p>\t\t\t\t\t\t\t\t<\/div>\n\t\t\t\t<\/div>\n\t\t<div class=\"elementor-element elementor-element-acef386 e-con-full e-flex parallax_section_no qode_elementor_container_no e-con e-child\" data-id=\"acef386\" data-element_type=\"container\">\n\t\t\t\t<div class=\"elementor-element elementor-element-aa8d434 elementor-widget elementor-widget-spacer\" data-id=\"aa8d434\" data-element_type=\"widget\" data-widget_type=\"spacer.default\">\n\t\t\t\t\t\t\t<div class=\"elementor-spacer\">\n\t\t\t<div class=\"elementor-spacer-inner\"><\/div>\n\t\t<\/div>\n\t\t\t\t\t\t<\/div>\n\t\t\t\t<div class=\"elementor-element elementor-element-bddb88e elementor-widget elementor-widget-bridge_icon_list_item\" data-id=\"bddb88e\" data-element_type=\"widget\" data-widget_type=\"bridge_icon_list_item.default\">\n\t\t\t\t<div class=\"elementor-widget-container\">\n\t\t\t\t\t<div class=\"q_icon_list\"><i class=\"qodef-icon-dripicons dripicon dripicons-checkmark qode-ili-icon-holder transparent\" style=\"font-size: 25px;color: #A71015;\" ><\/i><p style=\"color:#000000;font-size: 25px;font-weight: 500;\">Exames Cardiol\u00f3gicos<\/p><\/div>\t\t\t\t<\/div>\n\t\t\t\t<\/div>\n\t\t\t\t<div class=\"elementor-element elementor-element-024cebd elementor-widget elementor-widget-bridge_icon_list_item\" data-id=\"024cebd\" data-element_type=\"widget\" data-widget_type=\"bridge_icon_list_item.default\">\n\t\t\t\t<div class=\"elementor-widget-container\">\n\t\t\t\t\t<div class=\"q_icon_list\"><i class=\"qodef-icon-dripicons dripicon dripicons-checkmark qode-ili-icon-holder transparent\" style=\"font-size: 25px;color: #A71015;\" ><\/i><p style=\"color:#000000;font-size: 25px;font-weight: 500;\">Preven\u00e7\u00e3o Cardiovascular<\/p><\/div>\t\t\t\t<\/div>\n\t\t\t\t<\/div>\n\t\t\t\t<div class=\"elementor-element elementor-element-f409aef elementor-widget elementor-widget-bridge_icon_list_item\" data-id=\"f409aef\" data-element_type=\"widget\" data-widget_type=\"bridge_icon_list_item.default\">\n\t\t\t\t<div class=\"elementor-widget-container\">\n\t\t\t\t\t<div class=\"q_icon_list\"><i class=\"qodef-icon-dripicons dripicon dripicons-checkmark qode-ili-icon-holder transparent\" style=\"font-size: 25px;color: #A71015;\" ><\/i><p style=\"color:#000000;font-size: 25px;font-weight: 500;\">Acompanhamento de Doen\u00e7as Card\u00edacas<\/p><\/div>\t\t\t\t<\/div>\n\t\t\t\t<\/div>\n\t\t\t\t<div class=\"elementor-element elementor-element-b97a383 elementor-widget elementor-widget-bridge_icon_list_item\" data-id=\"b97a383\" data-element_type=\"widget\" data-widget_type=\"bridge_icon_list_item.default\">\n\t\t\t\t<div class=\"elementor-widget-container\">\n\t\t\t\t\t<div class=\"q_icon_list\"><i class=\"qodef-icon-dripicons dripicon dripicons-checkmark qode-ili-icon-holder transparent\" style=\"font-size: 25px;color: #A71015;\" ><\/i><p style=\"color:#000000;font-size: 25px;font-weight: 500;\">Avalia\u00e7\u00f5es Pr\u00e9-operat\u00f3rias<\/p><\/div>\t\t\t\t<\/div>\n\t\t\t\t<\/div>\n\t\t\t\t<\/div>\n\t\t\t\t\t<\/div>\n\t\t\t\t<\/div>\n\t\t<div class=\"elementor-element elementor-element-4ff3a39 e-con-full e-flex parallax_section_no qode_elementor_container_no e-con e-parent\" data-id=\"4ff3a39\" data-element_type=\"container\">\n\t\t<div class=\"elementor-element elementor-element-a85ed75 e-con-full e-flex parallax_section_no qode_elementor_container_no e-con e-child\" data-id=\"a85ed75\" data-element_type=\"container\">\n\t\t\t\t<div class=\"elementor-element elementor-element-2fb5279 elementor-hidden-mobile elementor-widget elementor-widget-image-gallery\" data-id=\"2fb5279\" data-element_type=\"widget\" data-widget_type=\"image-gallery.default\">\n\t\t\t\t\t\t\t<div class=\"elementor-image-gallery\">\n\t\t\t\n\t\t<style type=\"text\/css\">\n\t\t\t#gallery-1 {\n\t\t\t\tmargin: auto;\n\t\t\t}\n\t\t\t#gallery-1 .gallery-item {\n\t\t\t\tfloat: left;\n\t\t\t\tmargin-top: 10px;\n\t\t\t\ttext-align: center;\n\t\t\t\twidth: 25%;\n\t\t\t}\n\t\t\t#gallery-1 img {\n\t\t\t\tborder: 2px solid #cfcfcf;\n\t\t\t}\n\t\t\t#gallery-1 .gallery-caption {\n\t\t\t\tmargin-left: 0;\n\t\t\t}\n\t\t\t\/* see gallery_shortcode() in wp-includes\/media.php *\/\n\t\t<\/style>\n\t\t<div id='gallery-1' class='gallery galleryid-125 gallery-columns-4 gallery-size-large'><dl class='gallery-item'>\n\t\t\t<dt class='gallery-icon landscape'>\n\t\t\t\t<a data-elementor-open-lightbox=\"yes\" data-elementor-lightbox-slideshow=\"2fb5279\" data-e-action-hash=\"#elementor-action%3Aaction%3Dlightbox%26settings%3DeyJpZCI6OTA5LCJ1cmwiOiJodHRwczpcL1wvbWFpc3JiLmNvbS5iclwvc2RjXC93cC1jb250ZW50XC91cGxvYWRzXC8yMDI2XC8wMVwvU2VkaWMtMDIucG5nIiwic2xpZGVzaG93IjoiMmZiNTI3OSJ9\" href='https:\/\/maisrb.com.br\/sdc\/wp-content\/uploads\/2026\/01\/Sedic-02.png'><img fetchpriority=\"high\" decoding=\"async\" width=\"1024\" height=\"768\" src=\"https:\/\/maisrb.com.br\/sdc\/wp-content\/uploads\/2026\/01\/Sedic-02-1024x768.png\" class=\"attachment-large size-large\" alt=\"\" srcset=\"https:\/\/maisrb.com.br\/sdc\/wp-content\/uploads\/2026\/01\/Sedic-02-1024x768.png 1024w, https:\/\/maisrb.com.br\/sdc\/wp-content\/uploads\/2026\/01\/Sedic-02-300x225.png 300w, https:\/\/maisrb.com.br\/sdc\/wp-content\/uploads\/2026\/01\/Sedic-02-768x576.png 768w, https:\/\/maisrb.com.br\/sdc\/wp-content\/uploads\/2026\/01\/Sedic-02-800x600.png 800w, https:\/\/maisrb.com.br\/sdc\/wp-content\/uploads\/2026\/01\/Sedic-02-700x525.png 700w, https:\/\/maisrb.com.br\/sdc\/wp-content\/uploads\/2026\/01\/Sedic-02.png 1280w\" sizes=\"(max-width: 1024px) 100vw, 1024px\" \/><\/a>\n\t\t\t<\/dt><\/dl><dl class='gallery-item'>\n\t\t\t<dt class='gallery-icon landscape'>\n\t\t\t\t<a data-elementor-open-lightbox=\"yes\" data-elementor-lightbox-slideshow=\"2fb5279\" data-e-action-hash=\"#elementor-action%3Aaction%3Dlightbox%26settings%3DeyJpZCI6OTA0LCJ1cmwiOiJodHRwczpcL1wvbWFpc3JiLmNvbS5iclwvc2RjXC93cC1jb250ZW50XC91cGxvYWRzXC8yMDI2XC8wMVwvU2VkaWMtMDEucG5nIiwic2xpZGVzaG93IjoiMmZiNTI3OSJ9\" href='https:\/\/maisrb.com.br\/sdc\/wp-content\/uploads\/2026\/01\/Sedic-01.png'><img decoding=\"async\" width=\"1024\" height=\"768\" src=\"https:\/\/maisrb.com.br\/sdc\/wp-content\/uploads\/2026\/01\/Sedic-01-1024x768.png\" class=\"attachment-large size-large\" alt=\"\" srcset=\"https:\/\/maisrb.com.br\/sdc\/wp-content\/uploads\/2026\/01\/Sedic-01-1024x768.png 1024w, https:\/\/maisrb.com.br\/sdc\/wp-content\/uploads\/2026\/01\/Sedic-01-300x225.png 300w, https:\/\/maisrb.com.br\/sdc\/wp-content\/uploads\/2026\/01\/Sedic-01-768x576.png 768w, https:\/\/maisrb.com.br\/sdc\/wp-content\/uploads\/2026\/01\/Sedic-01-800x600.png 800w, https:\/\/maisrb.com.br\/sdc\/wp-content\/uploads\/2026\/01\/Sedic-01-700x525.png 700w, https:\/\/maisrb.com.br\/sdc\/wp-content\/uploads\/2026\/01\/Sedic-01.png 1280w\" sizes=\"(max-width: 1024px) 100vw, 1024px\" \/><\/a>\n\t\t\t<\/dt><\/dl><dl class='gallery-item'>\n\t\t\t<dt class='gallery-icon landscape'>\n\t\t\t\t<a data-elementor-open-lightbox=\"yes\" data-elementor-lightbox-slideshow=\"2fb5279\" data-e-action-hash=\"#elementor-action%3Aaction%3Dlightbox%26settings%3DeyJpZCI6OTA2LCJ1cmwiOiJodHRwczpcL1wvbWFpc3JiLmNvbS5iclwvc2RjXC93cC1jb250ZW50XC91cGxvYWRzXC8yMDI2XC8wMVwvU2VkaWMtMDQucG5nIiwic2xpZGVzaG93IjoiMmZiNTI3OSJ9\" href='https:\/\/maisrb.com.br\/sdc\/wp-content\/uploads\/2026\/01\/Sedic-04.png'><img decoding=\"async\" width=\"1024\" height=\"768\" src=\"https:\/\/maisrb.com.br\/sdc\/wp-content\/uploads\/2026\/01\/Sedic-04-1024x768.png\" class=\"attachment-large size-large\" alt=\"\" srcset=\"https:\/\/maisrb.com.br\/sdc\/wp-content\/uploads\/2026\/01\/Sedic-04-1024x768.png 1024w, https:\/\/maisrb.com.br\/sdc\/wp-content\/uploads\/2026\/01\/Sedic-04-300x225.png 300w, https:\/\/maisrb.com.br\/sdc\/wp-content\/uploads\/2026\/01\/Sedic-04-768x576.png 768w, https:\/\/maisrb.com.br\/sdc\/wp-content\/uploads\/2026\/01\/Sedic-04-800x600.png 800w, https:\/\/maisrb.com.br\/sdc\/wp-content\/uploads\/2026\/01\/Sedic-04-700x525.png 700w, https:\/\/maisrb.com.br\/sdc\/wp-content\/uploads\/2026\/01\/Sedic-04.png 1280w\" sizes=\"(max-width: 1024px) 100vw, 1024px\" \/><\/a>\n\t\t\t<\/dt><\/dl><dl class='gallery-item'>\n\t\t\t<dt class='gallery-icon landscape'>\n\t\t\t\t<a data-elementor-open-lightbox=\"yes\" data-elementor-lightbox-slideshow=\"2fb5279\" data-e-action-hash=\"#elementor-action%3Aaction%3Dlightbox%26settings%3DeyJpZCI6OTA3LCJ1cmwiOiJodHRwczpcL1wvbWFpc3JiLmNvbS5iclwvc2RjXC93cC1jb250ZW50XC91cGxvYWRzXC8yMDI2XC8wMVwvU2VkaWMtMDMucG5nIiwic2xpZGVzaG93IjoiMmZiNTI3OSJ9\" href='https:\/\/maisrb.com.br\/sdc\/wp-content\/uploads\/2026\/01\/Sedic-03.png'><img loading=\"lazy\" decoding=\"async\" width=\"1024\" height=\"768\" src=\"https:\/\/maisrb.com.br\/sdc\/wp-content\/uploads\/2026\/01\/Sedic-03-1024x768.png\" class=\"attachment-large size-large\" alt=\"\" srcset=\"https:\/\/maisrb.com.br\/sdc\/wp-content\/uploads\/2026\/01\/Sedic-03-1024x768.png 1024w, https:\/\/maisrb.com.br\/sdc\/wp-content\/uploads\/2026\/01\/Sedic-03-300x225.png 300w, https:\/\/maisrb.com.br\/sdc\/wp-content\/uploads\/2026\/01\/Sedic-03-768x576.png 768w, https:\/\/maisrb.com.br\/sdc\/wp-content\/uploads\/2026\/01\/Sedic-03-800x600.png 800w, https:\/\/maisrb.com.br\/sdc\/wp-content\/uploads\/2026\/01\/Sedic-03-700x525.png 700w, https:\/\/maisrb.com.br\/sdc\/wp-content\/uploads\/2026\/01\/Sedic-03.png 1280w\" sizes=\"(max-width: 1024px) 100vw, 1024px\" \/><\/a>\n\t\t\t<\/dt><\/dl><br style=\"clear: both\" \/>\n\t\t<\/div>\n\t\t<\/div>\n\t\t\t\t\t\t<\/div>\n\t\t\t\t<div class=\"elementor-element elementor-element-a0c7d8c elementor-hidden-desktop elementor-hidden-tablet elementor-widget elementor-widget-image-gallery\" data-id=\"a0c7d8c\" data-element_type=\"widget\" data-widget_type=\"image-gallery.default\">\n\t\t\t\t\t\t\t<div class=\"elementor-image-gallery\">\n\t\t\t\n\t\t<style type=\"text\/css\">\n\t\t\t#gallery-2 {\n\t\t\t\tmargin: auto;\n\t\t\t}\n\t\t\t#gallery-2 .gallery-item {\n\t\t\t\tfloat: left;\n\t\t\t\tmargin-top: 10px;\n\t\t\t\ttext-align: center;\n\t\t\t\twidth: 100%;\n\t\t\t}\n\t\t\t#gallery-2 img {\n\t\t\t\tborder: 2px solid #cfcfcf;\n\t\t\t}\n\t\t\t#gallery-2 .gallery-caption {\n\t\t\t\tmargin-left: 0;\n\t\t\t}\n\t\t\t\/* see gallery_shortcode() in wp-includes\/media.php *\/\n\t\t<\/style>\n\t\t<div id='gallery-2' class='gallery galleryid-125 gallery-columns-1 gallery-size-large'><dl class='gallery-item'>\n\t\t\t<dt class='gallery-icon landscape'>\n\t\t\t\t<a data-elementor-open-lightbox=\"yes\" data-elementor-lightbox-slideshow=\"a0c7d8c\" data-e-action-hash=\"#elementor-action%3Aaction%3Dlightbox%26settings%3DeyJpZCI6OTA5LCJ1cmwiOiJodHRwczpcL1wvbWFpc3JiLmNvbS5iclwvc2RjXC93cC1jb250ZW50XC91cGxvYWRzXC8yMDI2XC8wMVwvU2VkaWMtMDIucG5nIiwic2xpZGVzaG93IjoiYTBjN2Q4YyJ9\" href='https:\/\/maisrb.com.br\/sdc\/wp-content\/uploads\/2026\/01\/Sedic-02.png'><img fetchpriority=\"high\" decoding=\"async\" width=\"1024\" height=\"768\" src=\"https:\/\/maisrb.com.br\/sdc\/wp-content\/uploads\/2026\/01\/Sedic-02-1024x768.png\" class=\"attachment-large size-large\" alt=\"\" srcset=\"https:\/\/maisrb.com.br\/sdc\/wp-content\/uploads\/2026\/01\/Sedic-02-1024x768.png 1024w, https:\/\/maisrb.com.br\/sdc\/wp-content\/uploads\/2026\/01\/Sedic-02-300x225.png 300w, https:\/\/maisrb.com.br\/sdc\/wp-content\/uploads\/2026\/01\/Sedic-02-768x576.png 768w, https:\/\/maisrb.com.br\/sdc\/wp-content\/uploads\/2026\/01\/Sedic-02-800x600.png 800w, https:\/\/maisrb.com.br\/sdc\/wp-content\/uploads\/2026\/01\/Sedic-02-700x525.png 700w, https:\/\/maisrb.com.br\/sdc\/wp-content\/uploads\/2026\/01\/Sedic-02.png 1280w\" sizes=\"(max-width: 1024px) 100vw, 1024px\" \/><\/a>\n\t\t\t<\/dt><\/dl><br style=\"clear: both\" \/><dl class='gallery-item'>\n\t\t\t<dt class='gallery-icon landscape'>\n\t\t\t\t<a data-elementor-open-lightbox=\"yes\" data-elementor-lightbox-slideshow=\"a0c7d8c\" data-e-action-hash=\"#elementor-action%3Aaction%3Dlightbox%26settings%3DeyJpZCI6OTA0LCJ1cmwiOiJodHRwczpcL1wvbWFpc3JiLmNvbS5iclwvc2RjXC93cC1jb250ZW50XC91cGxvYWRzXC8yMDI2XC8wMVwvU2VkaWMtMDEucG5nIiwic2xpZGVzaG93IjoiYTBjN2Q4YyJ9\" href='https:\/\/maisrb.com.br\/sdc\/wp-content\/uploads\/2026\/01\/Sedic-01.png'><img decoding=\"async\" width=\"1024\" height=\"768\" src=\"https:\/\/maisrb.com.br\/sdc\/wp-content\/uploads\/2026\/01\/Sedic-01-1024x768.png\" class=\"attachment-large size-large\" alt=\"\" srcset=\"https:\/\/maisrb.com.br\/sdc\/wp-content\/uploads\/2026\/01\/Sedic-01-1024x768.png 1024w, https:\/\/maisrb.com.br\/sdc\/wp-content\/uploads\/2026\/01\/Sedic-01-300x225.png 300w, https:\/\/maisrb.com.br\/sdc\/wp-content\/uploads\/2026\/01\/Sedic-01-768x576.png 768w, https:\/\/maisrb.com.br\/sdc\/wp-content\/uploads\/2026\/01\/Sedic-01-800x600.png 800w, https:\/\/maisrb.com.br\/sdc\/wp-content\/uploads\/2026\/01\/Sedic-01-700x525.png 700w, https:\/\/maisrb.com.br\/sdc\/wp-content\/uploads\/2026\/01\/Sedic-01.png 1280w\" sizes=\"(max-width: 1024px) 100vw, 1024px\" \/><\/a>\n\t\t\t<\/dt><\/dl><br style=\"clear: both\" \/><dl class='gallery-item'>\n\t\t\t<dt class='gallery-icon landscape'>\n\t\t\t\t<a data-elementor-open-lightbox=\"yes\" data-elementor-lightbox-slideshow=\"a0c7d8c\" data-e-action-hash=\"#elementor-action%3Aaction%3Dlightbox%26settings%3DeyJpZCI6OTA2LCJ1cmwiOiJodHRwczpcL1wvbWFpc3JiLmNvbS5iclwvc2RjXC93cC1jb250ZW50XC91cGxvYWRzXC8yMDI2XC8wMVwvU2VkaWMtMDQucG5nIiwic2xpZGVzaG93IjoiYTBjN2Q4YyJ9\" href='https:\/\/maisrb.com.br\/sdc\/wp-content\/uploads\/2026\/01\/Sedic-04.png'><img decoding=\"async\" width=\"1024\" height=\"768\" src=\"https:\/\/maisrb.com.br\/sdc\/wp-content\/uploads\/2026\/01\/Sedic-04-1024x768.png\" class=\"attachment-large size-large\" alt=\"\" srcset=\"https:\/\/maisrb.com.br\/sdc\/wp-content\/uploads\/2026\/01\/Sedic-04-1024x768.png 1024w, https:\/\/maisrb.com.br\/sdc\/wp-content\/uploads\/2026\/01\/Sedic-04-300x225.png 300w, https:\/\/maisrb.com.br\/sdc\/wp-content\/uploads\/2026\/01\/Sedic-04-768x576.png 768w, https:\/\/maisrb.com.br\/sdc\/wp-content\/uploads\/2026\/01\/Sedic-04-800x600.png 800w, https:\/\/maisrb.com.br\/sdc\/wp-content\/uploads\/2026\/01\/Sedic-04-700x525.png 700w, https:\/\/maisrb.com.br\/sdc\/wp-content\/uploads\/2026\/01\/Sedic-04.png 1280w\" sizes=\"(max-width: 1024px) 100vw, 1024px\" \/><\/a>\n\t\t\t<\/dt><\/dl><br style=\"clear: both\" \/><dl class='gallery-item'>\n\t\t\t<dt class='gallery-icon landscape'>\n\t\t\t\t<a data-elementor-open-lightbox=\"yes\" data-elementor-lightbox-slideshow=\"a0c7d8c\" data-e-action-hash=\"#elementor-action%3Aaction%3Dlightbox%26settings%3DeyJpZCI6OTA3LCJ1cmwiOiJodHRwczpcL1wvbWFpc3JiLmNvbS5iclwvc2RjXC93cC1jb250ZW50XC91cGxvYWRzXC8yMDI2XC8wMVwvU2VkaWMtMDMucG5nIiwic2xpZGVzaG93IjoiYTBjN2Q4YyJ9\" href='https:\/\/maisrb.com.br\/sdc\/wp-content\/uploads\/2026\/01\/Sedic-03.png'><img loading=\"lazy\" decoding=\"async\" width=\"1024\" height=\"768\" src=\"https:\/\/maisrb.com.br\/sdc\/wp-content\/uploads\/2026\/01\/Sedic-03-1024x768.png\" class=\"attachment-large size-large\" alt=\"\" srcset=\"https:\/\/maisrb.com.br\/sdc\/wp-content\/uploads\/2026\/01\/Sedic-03-1024x768.png 1024w, https:\/\/maisrb.com.br\/sdc\/wp-content\/uploads\/2026\/01\/Sedic-03-300x225.png 300w, https:\/\/maisrb.com.br\/sdc\/wp-content\/uploads\/2026\/01\/Sedic-03-768x576.png 768w, https:\/\/maisrb.com.br\/sdc\/wp-content\/uploads\/2026\/01\/Sedic-03-800x600.png 800w, https:\/\/maisrb.com.br\/sdc\/wp-content\/uploads\/2026\/01\/Sedic-03-700x525.png 700w, https:\/\/maisrb.com.br\/sdc\/wp-content\/uploads\/2026\/01\/Sedic-03.png 1280w\" sizes=\"(max-width: 1024px) 100vw, 1024px\" \/><\/a>\n\t\t\t<\/dt><\/dl><br style=\"clear: both\" \/>\n\t\t<\/div>\n\t\t<\/div>\n\t\t\t\t\t\t<\/div>\n\t\t\t\t<\/div>\n\t\t\t\t<\/div>\n\t\t<div class=\"elementor-element elementor-element-387fe14 e-flex e-con-boxed parallax_section_no qode_elementor_container_no e-con e-parent\" data-id=\"387fe14\" data-element_type=\"container\" data-settings=\"{&quot;background_background&quot;:&quot;classic&quot;}\">\n\t\t\t\t\t<div class=\"e-con-inner\">\n\t\t<div class=\"elementor-element elementor-element-b54d720 e-con-full e-flex parallax_section_no qode_elementor_container_no e-con e-child\" data-id=\"b54d720\" data-element_type=\"container\">\n\t\t<div class=\"elementor-element elementor-element-3228a5f e-con-full e-flex parallax_section_no qode_elementor_container_no e-con e-child\" data-id=\"3228a5f\" data-element_type=\"container\">\n\t\t\t\t<div class=\"elementor-element elementor-element-8041d6e elementor-widget elementor-widget-heading\" data-id=\"8041d6e\" data-element_type=\"widget\" data-widget_type=\"heading.default\">\n\t\t\t\t\t<h3 class=\"elementor-heading-title elementor-size-default\">Nosso compromisso<\/h3>\t\t\t\t<\/div>\n\t\t\t\t<div class=\"elementor-element elementor-element-69b780c elementor-widget elementor-widget-text-editor\" data-id=\"69b780c\" data-element_type=\"widget\" data-widget_type=\"text-editor.default\">\n\t\t\t\t\t\t\t\t\t<p><span style=\"color: #ffffff\">Na Sedic Cardiologia, cada paciente \u00e9 acolhido com aten\u00e7\u00e3o individualizada e cuidado t\u00e9cnico rigoroso. Associamos experi\u00eancia, tecnologia e \u00e9tica para entregar um atendimento confi\u00e1vel, seguro e humano.<\/span><\/p>\t\t\t\t\t\t\t\t<\/div>\n\t\t\t\t<\/div>\n\t\t\t\t<div class=\"elementor-element elementor-element-63993a5 elementor-align-center elementor-widget__width-initial elementor-mobile-align-left elementor-widget elementor-widget-button\" data-id=\"63993a5\" data-element_type=\"widget\" data-widget_type=\"button.default\">\n\t\t\t\t\t\t\t\t\t\t<a class=\"elementor-button elementor-button-link elementor-size-sm\" href=\"https:\/\/api.whatsapp.com\/send\/?phone=554830282526&#038;text&#038;type=phone_number&#038;app_absent=0\">\n\t\t\t\t\t\t<span class=\"elementor-button-content-wrapper\">\n\t\t\t\t\t\t\t\t\t<span class=\"elementor-button-text\">Agendar Agora<\/span>\n\t\t\t\t\t<\/span>\n\t\t\t\t\t<\/a>\n\t\t\t\t\t\t\t\t<\/div>\n\t\t\t\t<\/div>\n\t\t\t\t\t<\/div>\n\t\t\t\t<\/div>\n\t\t\t\t<\/div>\n\t\t","protected":false},"excerpt":{"rendered":"<p>CONHE\u00c7A NOSSA ATUA\u00c7\u00c3O Sobre n\u00f3s A Sedic Cardiologia atua h\u00e1 mais de 26 anos oferecendo atendimento cardiol\u00f3gico de excel\u00eancia, com tecnologia atualizada e cuidado individualizado. Nossa miss\u00e3o \u00e9 proporcionar diagn\u00f3stico preciso, preven\u00e7\u00e3o eficaz e acompanhamento cont\u00ednuo, sempre com uma abordagem humanizada e baseada em evid\u00eancias&#8230;.<\/p>\n","protected":false},"author":1,"featured_media":0,"parent":0,"menu_order":0,"comment_status":"closed","ping_status":"closed","template":"full_width.php","meta":{"footnotes":""},"class_list":["post-125","page","type-page","status-publish","hentry"],"_links":{"self":[{"href":"https:\/\/maisrb.com.br\/sdc\/wp-json\/wp\/v2\/pages\/125","targetHints":{"allow":["GET"]}}],"collection":[{"href":"https:\/\/maisrb.com.br\/sdc\/wp-json\/wp\/v2\/pages"}],"about":[{"href":"https:\/\/maisrb.com.br\/sdc\/wp-json\/wp\/v2\/types\/page"}],"author":[{"embeddable":true,"href":"https:\/\/maisrb.com.br\/sdc\/wp-json\/wp\/v2\/users\/1"}],"replies":[{"embeddable":true,"href":"https:\/\/maisrb.com.br\/sdc\/wp-json\/wp\/v2\/comments?post=125"}],"version-history":[{"count":126,"href":"https:\/\/maisrb.com.br\/sdc\/wp-json\/wp\/v2\/pages\/125\/revisions"}],"predecessor-version":[{"id":1150,"href":"https:\/\/maisrb.com.br\/sdc\/wp-json\/wp\/v2\/pages\/125\/revisions\/1150"}],"wp:attachment":[{"href":"https:\/\/maisrb.com.br\/sdc\/wp-json\/wp\/v2\/media?parent=125"}],"curies":[{"name":"wp","href":"https:\/\/api.w.org\/{rel}","templated":true}]}}