{"id":1169,"date":"2026-01-26T16:38:21","date_gmt":"2026-01-26T16:38:21","guid":{"rendered":"https:\/\/maisrb.com.br\/sdc\/?page_id=1169"},"modified":"2026-01-26T16:56:55","modified_gmt":"2026-01-26T16:56:55","slug":"ultrassom-doppler-de-carotidas-e-vertebrais","status":"publish","type":"page","link":"https:\/\/maisrb.com.br\/sdc\/ultrassom-doppler-de-carotidas-e-vertebrais\/","title":{"rendered":"Ultrassom Doppler de Car\u00f3tidas e Vertebrais"},"content":{"rendered":"\t\t<div data-elementor-type=\"wp-page\" data-elementor-id=\"1169\" class=\"elementor elementor-1169\">\n\t\t\t\t<div class=\"elementor-element elementor-element-35570f1 e-con-full e-flex parallax_section_no qode_elementor_container_no e-con e-parent\" data-id=\"35570f1\" data-element_type=\"container\" data-settings=\"{&quot;background_background&quot;:&quot;classic&quot;}\">\n\t\t<div class=\"elementor-element elementor-element-ca19ed0 e-flex e-con-boxed parallax_section_no qode_elementor_container_no e-con e-child\" data-id=\"ca19ed0\" data-element_type=\"container\">\n\t\t\t\t\t<div class=\"e-con-inner\">\n\t\t<div class=\"elementor-element elementor-element-7e28890 e-con-full e-flex parallax_section_no qode_elementor_container_no e-con e-child\" data-id=\"7e28890\" data-element_type=\"container\">\n\t\t\t\t<div class=\"elementor-element elementor-element-498bc5f elementor-widget elementor-widget-text-editor\" data-id=\"498bc5f\" data-element_type=\"widget\" data-widget_type=\"text-editor.default\">\n\t\t\t\t\t\t\t\t\tO ultrassom Doppler de car\u00f3tidas e vertebrais \u00e9 um exame n\u00e3o invasivo que avalia o fluxo sangu\u00edneo das principais art\u00e9rias respons\u00e1veis pela irriga\u00e7\u00e3o do c\u00e9rebro. Permite identificar placas de gordura, estreitamentos (estenoses) e altera\u00e7\u00f5es no fluxo sangu\u00edneo, auxiliando na preven\u00e7\u00e3o e no diagn\u00f3stico de doen\u00e7as cerebrovasculares, como o AVC.\t\t\t\t\t\t\t\t<\/div>\n\t\t\t\t<div class=\"elementor-element elementor-element-c4a5920 elementor-widget elementor-widget-text-editor\" data-id=\"c4a5920\" data-element_type=\"widget\" data-widget_type=\"text-editor.default\">\n\t\t\t\t\t\t\t\t\t\u00c9 um exame seguro, indolor e n\u00e3o utiliza radia\u00e7\u00e3o, sendo indicado para pacientes com fatores de risco cardiovasculares, hist\u00f3rico de AVC ou AIT, sopro carot\u00eddeo, tonturas ou como parte da avalia\u00e7\u00e3o preventiva.\n\t\t\t\t\t\t\t\t<\/div>\n\t\t\t\t<div class=\"elementor-element elementor-element-9734b8a elementor-widget elementor-widget-text-editor\" data-id=\"9734b8a\" data-element_type=\"widget\" data-widget_type=\"text-editor.default\">\n\t\t\t\t\t\t\t\t\tPreparo:\n\t\t\t\t\t\t\t\t<\/div>\n\t\t\t\t<div class=\"elementor-element elementor-element-1d4f30c elementor-widget elementor-widget-text-editor\" data-id=\"1d4f30c\" data-element_type=\"widget\" data-widget_type=\"text-editor.default\">\n\t\t\t\t\t\t\t\t\tN\u00e3o \u00e9 necess\u00e1rio jejum ou preparo especial. Recomenda-se apenas o uso de roupas confort\u00e1veis e evitar colares, cachec\u00f3is ou acess\u00f3rios no pesco\u00e7o no dia do exame.\t\t\t\t\t\t\t\t<\/div>\n\t\t\t\t<div class=\"elementor-element elementor-element-301de77 elementor-widget elementor-widget-button\" data-id=\"301de77\" data-element_type=\"widget\" data-widget_type=\"button.default\">\n\t\t\t\t\t\t\t\t\t\t<a class=\"elementor-button elementor-button-link elementor-size-sm\" href=\"https:\/\/api.whatsapp.com\/send\/?phone=554830282526&#038;text&#038;type=phone_number&#038;app_absent=0\">\n\t\t\t\t\t\t<span class=\"elementor-button-content-wrapper\">\n\t\t\t\t\t\t\t\t\t<span class=\"elementor-button-text\">Agendar Agora<\/span>\n\t\t\t\t\t<\/span>\n\t\t\t\t\t<\/a>\n\t\t\t\t\t\t\t\t<\/div>\n\t\t\t\t<\/div>\n\t\t<div class=\"elementor-element elementor-element-afc0cd7 e-con-full e-flex parallax_section_no qode_elementor_container_no e-con e-child\" data-id=\"afc0cd7\" data-element_type=\"container\">\n\t\t\t\t<div class=\"elementor-element elementor-element-cf38a79 elementor-widget elementor-widget-image\" data-id=\"cf38a79\" data-element_type=\"widget\" data-widget_type=\"image.default\">\n\t\t\t\t\t\t\t\t\t\t\t\t\t\t\t<img decoding=\"async\" src=\"https:\/\/maisrb.com.br\/sdc\/wp-content\/uploads\/2026\/01\/ultrassom-doppler-de-carotidas-e-vertebrais.png\" title=\"ultrassom-doppler-de-car\u00f3tidas-e-vertebrais\" alt=\"ultrassom-doppler-de-car\u00f3tidas-e-vertebrais\" loading=\"lazy\" \/>\t\t\t\t\t\t\t\t\t\t\t\t\t\t\t<\/div>\n\t\t\t\t<\/div>\n\t\t\t\t\t<\/div>\n\t\t\t\t<\/div>\n\t\t\t\t<\/div>\n\t\t\t\t<\/div>\n\t\t","protected":false},"excerpt":{"rendered":"<p>O ultrassom Doppler de car\u00f3tidas e vertebrais \u00e9 um exame n\u00e3o invasivo que avalia o fluxo sangu\u00edneo das principais art\u00e9rias respons\u00e1veis pela irriga\u00e7\u00e3o do c\u00e9rebro. Permite identificar placas de gordura, estreitamentos (estenoses) e altera\u00e7\u00f5es no fluxo sangu\u00edneo, auxiliando na preven\u00e7\u00e3o e no diagn\u00f3stico de doen\u00e7as&#8230;<\/p>\n","protected":false},"author":1,"featured_media":0,"parent":0,"menu_order":0,"comment_status":"closed","ping_status":"closed","template":"full_width.php","meta":{"footnotes":""},"class_list":["post-1169","page","type-page","status-publish","hentry"],"_links":{"self":[{"href":"https:\/\/maisrb.com.br\/sdc\/wp-json\/wp\/v2\/pages\/1169","targetHints":{"allow":["GET"]}}],"collection":[{"href":"https:\/\/maisrb.com.br\/sdc\/wp-json\/wp\/v2\/pages"}],"about":[{"href":"https:\/\/maisrb.com.br\/sdc\/wp-json\/wp\/v2\/types\/page"}],"author":[{"embeddable":true,"href":"https:\/\/maisrb.com.br\/sdc\/wp-json\/wp\/v2\/users\/1"}],"replies":[{"embeddable":true,"href":"https:\/\/maisrb.com.br\/sdc\/wp-json\/wp\/v2\/comments?post=1169"}],"version-history":[{"count":7,"href":"https:\/\/maisrb.com.br\/sdc\/wp-json\/wp\/v2\/pages\/1169\/revisions"}],"predecessor-version":[{"id":1184,"href":"https:\/\/maisrb.com.br\/sdc\/wp-json\/wp\/v2\/pages\/1169\/revisions\/1184"}],"wp:attachment":[{"href":"https:\/\/maisrb.com.br\/sdc\/wp-json\/wp\/v2\/media?parent=1169"}],"curies":[{"name":"wp","href":"https:\/\/api.w.org\/{rel}","templated":true}]}}