{"id":11721,"date":"2025-12-02T19:23:30","date_gmt":"2025-12-02T19:23:30","guid":{"rendered":"https:\/\/maisrb.com.br\/drbjj\/?page_id=11721"},"modified":"2025-12-03T17:46:36","modified_gmt":"2025-12-03T17:46:36","slug":"blog","status":"publish","type":"page","link":"https:\/\/maisrb.com.br\/drbjj\/blog\/","title":{"rendered":"Blog"},"content":{"rendered":"\t\t<div data-elementor-type=\"wp-page\" data-elementor-id=\"11721\" class=\"elementor elementor-11721\" data-elementor-post-type=\"page\">\n\t\t\t\t<div class=\"elementor-element elementor-element-da4bce1 e-flex e-con-boxed parallax_section_no qode_elementor_container_no e-con e-parent\" data-id=\"da4bce1\" data-element_type=\"container\" data-settings=\"{&quot;background_background&quot;:&quot;classic&quot;}\">\n\t\t\t\t\t<div class=\"e-con-inner\">\n\t\t\t\t<div class=\"elementor-element elementor-element-49a088b elementor-widget elementor-widget-heading\" data-id=\"49a088b\" data-element_type=\"widget\" data-widget_type=\"heading.default\">\n\t\t\t\t\t<h2 class=\"elementor-heading-title elementor-size-default\">Not\u00edcias<\/h2>\t\t\t\t<\/div>\n\t\t\t\t<div class=\"elementor-element elementor-element-44adb4e elementor-widget-divider--view-line elementor-widget elementor-widget-divider\" data-id=\"44adb4e\" data-element_type=\"widget\" data-widget_type=\"divider.default\">\n\t\t\t\t\t\t\t<div class=\"elementor-divider\">\n\t\t\t<span class=\"elementor-divider-separator\">\n\t\t\t\t\t\t<\/span>\n\t\t<\/div>\n\t\t\t\t\t\t<\/div>\n\t\t<div class=\"elementor-element elementor-element-f1a6da3 e-con-full e-flex parallax_section_no qode_elementor_container_no e-con e-child\" data-id=\"f1a6da3\" data-element_type=\"container\">\n\t\t\t\t<div class=\"elementor-element elementor-element-b03e624 elementor-widget elementor-widget-qi_addons_for_elementor_blog_list\" data-id=\"b03e624\" data-element_type=\"widget\" data-widget_type=\"qi_addons_for_elementor_blog_list.default\">\n\t\t\t\t<div class=\"elementor-widget-container\">\n\t\t\t\t\t<div class=\"qodef-shortcode qodef-m qodef-addons-blog-list qodef-info-no-icons qodef-image--hover-zoom qodef-qi-grid qodef-layout--qi-masonry qodef-col-num--3 qodef-item-layout--boxed qodef-responsive--predefined\" >\n\t<div class=\"qodef-grid-inner\">\n\t\t\t<div class=\"qodef-qi-grid-masonry-sizer\"><\/div>\n<article class=\"qodef-e qodef-blog-item qodef-grid-item post-11682 post type-post status-publish format-standard has-post-thumbnail hentry category-noticias\">\n\t<div class=\"qodef-e-inner\">\n\t\t<div class=\"qodef-e-media-holder\">\n\t\t\t<div class=\"qodef-e-media\">\n\t\t<div class=\"qodef-e-media-image\">\n\t\t<a itemprop=\"url\" href=\"https:\/\/maisrb.com.br\/drbjj\/atleta-mirim-de-jiu-jitsu-ganha-destaque-regional-pelo-seu-desempenho-em-2025\/\">\n\t\t\t<img fetchpriority=\"high\" decoding=\"async\" width=\"800\" height=\"600\" src=\"https:\/\/maisrb.com.br\/drbjj\/wp-content\/uploads\/2025\/12\/noticia.jpg\" class=\"attachment- size-\" alt=\"\" srcset=\"https:\/\/maisrb.com.br\/drbjj\/wp-content\/uploads\/2025\/12\/noticia.jpg 800w, https:\/\/maisrb.com.br\/drbjj\/wp-content\/uploads\/2025\/12\/noticia-300x225.jpg 300w, https:\/\/maisrb.com.br\/drbjj\/wp-content\/uploads\/2025\/12\/noticia-768x576.jpg 768w, https:\/\/maisrb.com.br\/drbjj\/wp-content\/uploads\/2025\/12\/noticia-700x525.jpg 700w\" sizes=\"(max-width: 800px) 100vw, 800px\" \/>\t\t<\/a>\n\t\t\t<\/div>\n<\/div>\n<div itemprop=\"dateCreated\" class=\"qodef-e-info-item qodef-e-info-date entry-date \">\n\t<a itemprop=\"url\" href=\"https:\/\/maisrb.com.br\/drbjj\/2025\/12\/\">\n\t\t2 dez\t<\/a>\n<\/div>\n\t\t<\/div>\n\t\t<div class=\"qodef-e-content\">\n\t\t\t\t\t\t\t<div class=\"qodef-e-info qodef-info--top\">\n\t\t\t\t\t<div class=\"qodef-e-info-item qodef-e-info-category\">\n\t\t<a href=\"https:\/\/maisrb.com.br\/drbjj\/category\/noticias\/\" rel=\"category tag\">Not\u00edcias<\/a><\/div>\n\t\t\t\t<\/div>\n\t\t\t\t\t\t<div class=\"qodef-e-text\">\n\t\t\t\t<h5 itemprop=\"name\" class=\"qodef-e-title entry-title\">\n\t<a itemprop=\"url\" class=\"qodef-e-title-link\" href=\"https:\/\/maisrb.com.br\/drbjj\/atleta-mirim-de-jiu-jitsu-ganha-destaque-regional-pelo-seu-desempenho-em-2025\/\">\n\t\tAtleta Mirim de Jiu-Jitsu Ganha Destaque Regional pelo Seu Desempenho em 2025\t<\/a>\n<\/h5>\n\t\t<p itemprop=\"description\" class=\"qodef-e-excerpt\">\n\t\t\tO jovem atleta vem ganhando cada vez mais visibilidade na regi\u00e3o devido ao seu desempenho consistente no Jiu-Jitsu. Participando de diversos eventos durante o ano, ele se destacou\t\t<\/p>\n\t\t\t\t<\/div>\n\t\t\t\t\t<\/div>\n\t<\/div>\n<\/article>\n<article class=\"qodef-e qodef-blog-item qodef-grid-item post-11681 post type-post status-publish format-standard has-post-thumbnail hentry category-treinos\">\n\t<div class=\"qodef-e-inner\">\n\t\t<div class=\"qodef-e-media-holder\">\n\t\t\t<div class=\"qodef-e-media\">\n\t\t<div class=\"qodef-e-media-image\">\n\t\t<a itemprop=\"url\" href=\"https:\/\/maisrb.com.br\/drbjj\/rotina-de-treinos-intensa-marca-a-preparacao-para-a-temporada-2025\/\">\n\t\t\t<img decoding=\"async\" width=\"800\" height=\"600\" src=\"https:\/\/maisrb.com.br\/drbjj\/wp-content\/uploads\/2025\/12\/A-preparacao-para-a-temporada-de-competicoes-segue-a-todo-vapor.-O-atleta-mirim-tem-dedicado-grande-parte-da-sua-rotina-aos-treinos-tecnicos-e-condicionamento-fisico-sempre-orientado-por-sua-equi.jpg\" class=\"attachment- size-\" alt=\"\" srcset=\"https:\/\/maisrb.com.br\/drbjj\/wp-content\/uploads\/2025\/12\/A-preparacao-para-a-temporada-de-competicoes-segue-a-todo-vapor.-O-atleta-mirim-tem-dedicado-grande-parte-da-sua-rotina-aos-treinos-tecnicos-e-condicionamento-fisico-sempre-orientado-por-sua-equi.jpg 800w, https:\/\/maisrb.com.br\/drbjj\/wp-content\/uploads\/2025\/12\/A-preparacao-para-a-temporada-de-competicoes-segue-a-todo-vapor.-O-atleta-mirim-tem-dedicado-grande-parte-da-sua-rotina-aos-treinos-tecnicos-e-condicionamento-fisico-sempre-orientado-por-sua-equi-300x225.jpg 300w, https:\/\/maisrb.com.br\/drbjj\/wp-content\/uploads\/2025\/12\/A-preparacao-para-a-temporada-de-competicoes-segue-a-todo-vapor.-O-atleta-mirim-tem-dedicado-grande-parte-da-sua-rotina-aos-treinos-tecnicos-e-condicionamento-fisico-sempre-orientado-por-sua-equi-768x576.jpg 768w, https:\/\/maisrb.com.br\/drbjj\/wp-content\/uploads\/2025\/12\/A-preparacao-para-a-temporada-de-competicoes-segue-a-todo-vapor.-O-atleta-mirim-tem-dedicado-grande-parte-da-sua-rotina-aos-treinos-tecnicos-e-condicionamento-fisico-sempre-orientado-por-sua-equi-700x525.jpg 700w\" sizes=\"(max-width: 800px) 100vw, 800px\" \/>\t\t<\/a>\n\t\t\t<\/div>\n<\/div>\n<div itemprop=\"dateCreated\" class=\"qodef-e-info-item qodef-e-info-date entry-date \">\n\t<a itemprop=\"url\" href=\"https:\/\/maisrb.com.br\/drbjj\/2025\/12\/\">\n\t\t2 dez\t<\/a>\n<\/div>\n\t\t<\/div>\n\t\t<div class=\"qodef-e-content\">\n\t\t\t\t\t\t\t<div class=\"qodef-e-info qodef-info--top\">\n\t\t\t\t\t<div class=\"qodef-e-info-item qodef-e-info-category\">\n\t\t<a href=\"https:\/\/maisrb.com.br\/drbjj\/category\/treinos\/\" rel=\"category tag\">Treinos<\/a><\/div>\n\t\t\t\t<\/div>\n\t\t\t\t\t\t<div class=\"qodef-e-text\">\n\t\t\t\t<h5 itemprop=\"name\" class=\"qodef-e-title entry-title\">\n\t<a itemprop=\"url\" class=\"qodef-e-title-link\" href=\"https:\/\/maisrb.com.br\/drbjj\/rotina-de-treinos-intensa-marca-a-preparacao-para-a-temporada-2025\/\">\n\t\tRotina de Treinos Intensa Marca a Prepara\u00e7\u00e3o para a Temporada 2025\t<\/a>\n<\/h5>\n\t\t<p itemprop=\"description\" class=\"qodef-e-excerpt\">\n\t\t\tA prepara\u00e7\u00e3o para a temporada de competi\u00e7\u00f5es segue a todo vapor. O atleta mirim tem dedicado grande parte da sua rotina aos treinos t\u00e9cnicos e condicionamento f\u00edsico, sempre\t\t<\/p>\n\t\t\t\t<\/div>\n\t\t\t\t\t<\/div>\n\t<\/div>\n<\/article>\n<article class=\"qodef-e qodef-blog-item qodef-grid-item post-11680 post type-post status-publish format-standard has-post-thumbnail hentry category-torneios\">\n\t<div class=\"qodef-e-inner\">\n\t\t<div class=\"qodef-e-media-holder\">\n\t\t\t<div class=\"qodef-e-media\">\n\t\t<div class=\"qodef-e-media-image\">\n\t\t<a itemprop=\"url\" href=\"https:\/\/maisrb.com.br\/drbjj\/atleta-mirim-conquista-ouro-no-campeonato-catarinense-de-jiu-jitsu-2025\/\">\n\t\t\t<img decoding=\"async\" width=\"800\" height=\"600\" src=\"https:\/\/maisrb.com.br\/drbjj\/wp-content\/uploads\/2025\/12\/Design-sem-nome-69.jpg\" class=\"attachment- size-\" alt=\"\" srcset=\"https:\/\/maisrb.com.br\/drbjj\/wp-content\/uploads\/2025\/12\/Design-sem-nome-69.jpg 800w, https:\/\/maisrb.com.br\/drbjj\/wp-content\/uploads\/2025\/12\/Design-sem-nome-69-300x225.jpg 300w, https:\/\/maisrb.com.br\/drbjj\/wp-content\/uploads\/2025\/12\/Design-sem-nome-69-768x576.jpg 768w, https:\/\/maisrb.com.br\/drbjj\/wp-content\/uploads\/2025\/12\/Design-sem-nome-69-700x525.jpg 700w\" sizes=\"(max-width: 800px) 100vw, 800px\" \/>\t\t<\/a>\n\t\t\t<\/div>\n<\/div>\n<div itemprop=\"dateCreated\" class=\"qodef-e-info-item qodef-e-info-date entry-date \">\n\t<a itemprop=\"url\" href=\"https:\/\/maisrb.com.br\/drbjj\/2025\/12\/\">\n\t\t2 dez\t<\/a>\n<\/div>\n\t\t<\/div>\n\t\t<div class=\"qodef-e-content\">\n\t\t\t\t\t\t\t<div class=\"qodef-e-info qodef-info--top\">\n\t\t\t\t\t<div class=\"qodef-e-info-item qodef-e-info-category\">\n\t\t<a href=\"https:\/\/maisrb.com.br\/drbjj\/category\/torneios\/\" rel=\"category tag\">Torneios<\/a><\/div>\n\t\t\t\t<\/div>\n\t\t\t\t\t\t<div class=\"qodef-e-text\">\n\t\t\t\t<h5 itemprop=\"name\" class=\"qodef-e-title entry-title\">\n\t<a itemprop=\"url\" class=\"qodef-e-title-link\" href=\"https:\/\/maisrb.com.br\/drbjj\/atleta-mirim-conquista-ouro-no-campeonato-catarinense-de-jiu-jitsu-2025\/\">\n\t\tAtleta Mirim Conquista Ouro no Campeonato Catarinense de Jiu-Jitsu 2025\t<\/a>\n<\/h5>\n\t\t<p itemprop=\"description\" class=\"qodef-e-excerpt\">\n\t\t\tNo \u00faltimo final de semana, o jovem atleta marcou presen\u00e7a no Campeonato Catarinense de Jiu-Jitsu 2025, realizado em Florian\u00f3polis. Competindo na categoria Infantil \u2013 Pena, ele\t\t<\/p>\n\t\t\t\t<\/div>\n\t\t\t\t\t<\/div>\n\t<\/div>\n<\/article>\n\t<\/div>\n\t<\/div>\n\t\t\t\t<\/div>\n\t\t\t\t<\/div>\n\t\t\t\t<\/div>\n\t\t\t\t\t<\/div>\n\t\t\t\t<\/div>\n\t\t\t\t<\/div>\n\t\t","protected":false},"excerpt":{"rendered":"<p>Not\u00edcias 2 dez Not\u00edcias Atleta Mirim de Jiu-Jitsu Ganha Destaque Regional pelo Seu Desempenho em 2025 O jovem atleta vem ganhando cada vez mais visibilidade na regi\u00e3o devido ao seu desempenho consistente no Jiu-Jitsu. Participando de diversos eventos durante o ano, ele se destacou 2&#8230;<\/p>\n","protected":false},"author":1,"featured_media":0,"parent":0,"menu_order":0,"comment_status":"closed","ping_status":"closed","template":"full_width.php","meta":{"footnotes":""},"class_list":["post-11721","page","type-page","status-publish","hentry"],"_hostinger_reach_plugin_has_subscription_block":false,"_hostinger_reach_plugin_is_elementor":false,"_links":{"self":[{"href":"https:\/\/maisrb.com.br\/drbjj\/wp-json\/wp\/v2\/pages\/11721","targetHints":{"allow":["GET"]}}],"collection":[{"href":"https:\/\/maisrb.com.br\/drbjj\/wp-json\/wp\/v2\/pages"}],"about":[{"href":"https:\/\/maisrb.com.br\/drbjj\/wp-json\/wp\/v2\/types\/page"}],"author":[{"embeddable":true,"href":"https:\/\/maisrb.com.br\/drbjj\/wp-json\/wp\/v2\/users\/1"}],"replies":[{"embeddable":true,"href":"https:\/\/maisrb.com.br\/drbjj\/wp-json\/wp\/v2\/comments?post=11721"}],"version-history":[{"count":10,"href":"https:\/\/maisrb.com.br\/drbjj\/wp-json\/wp\/v2\/pages\/11721\/revisions"}],"predecessor-version":[{"id":11806,"href":"https:\/\/maisrb.com.br\/drbjj\/wp-json\/wp\/v2\/pages\/11721\/revisions\/11806"}],"wp:attachment":[{"href":"https:\/\/maisrb.com.br\/drbjj\/wp-json\/wp\/v2\/media?parent=11721"}],"curies":[{"name":"wp","href":"https:\/\/api.w.org\/{rel}","templated":true}]}}